{"id":225,"date":"2019-07-11T15:13:22","date_gmt":"2019-07-11T13:13:22","guid":{"rendered":"https:\/\/brasilcapoeira-biel.com\/de\/?page_id=225"},"modified":"2025-01-09T10:17:17","modified_gmt":"2025-01-09T09:17:17","slug":"agb","status":"publish","type":"page","link":"https:\/\/brasilcapoeira-biel.com\/de\/kurse\/agb\/","title":{"rendered":"Anmeldung &#038; AGB"},"content":{"rendered":"\r\n<h1>Anmeldung<\/h1>\r\n\r\n\r\n\r\n<h2 class=\"wp-block-heading\">Brasil Capoeira Biel\/Bienne (BCB)<\/h2>\r\n\r\n\r\n\r\n\r\n\r\n<p>Die Anmeldung zu den Kursen ist erst nach dem Probetraining m\u00f6glich.<br \/>Bitte melde dich zuerst per Telefon, Mail oder Kontaktformular zu einem Probetraining an.<\/p>\r\n<p>Das Anmeldungsformular f\u00fcr regul\u00e4re Kurse kann online oder vor Ort ausgef\u00fcllt werden.<\/p>\r\n\r\n\r\n\r\n<p><a href=\"https:\/\/brasilcapoeira.webling.ch\/forms\/memberform\/ef9600b366faef8a54cf\" target=\"_blank\" rel=\"noopener\">Anmeldungsformular<\/a><br \/><br \/><a href=\"https:\/\/brasilcapoeira-biel.com\/de\/wp-content\/uploads\/sites\/2\/2024\/04\/Abo-Unterbruch.pdf\" target=\"_blank\" rel=\"noopener\">Abbruch eines Trainingsabonnement<\/a><br \/><br \/><a href=\"https:\/\/brasilcapoeira-biel.com\/de\/wp-content\/uploads\/sites\/2\/2024\/04\/Allgemeine-Geschaeftsbedingungen_bcb.pdf\" target=\"_blank\" rel=\"noopener\">Allgemeine Gesch\u00e4ftsbedingungen<\/a><\/p>\r\n\r\n\r\n\r\n\r\n\r\n<p>&nbsp;<\/p>\r\n","protected":false},"excerpt":{"rendered":"<p>Anmeldung Brasil Capoeira Biel\/Bienne (BCB) Die Anmeldung zu den Kursen ist erst nach dem Probetraining m\u00f6glich.Bitte melde dich zuerst per Telefon, Mail oder Kontaktformular zu einem Probetraining an. Das Anmeldungsformular f\u00fcr regul\u00e4re Kurse kann online oder vor Ort ausgef\u00fcllt werden. Anmeldungsformular Abbruch eines Trainingsabonnement Allgemeine Gesch\u00e4ftsbedingungen &nbsp;<\/p>\n","protected":false},"author":1,"featured_media":0,"parent":38,"menu_order":0,"comment_status":"closed","ping_status":"closed","template":"","meta":{"ocean_post_layout":"","ocean_both_sidebars_style":"","ocean_both_sidebars_content_width":0,"ocean_both_sidebars_sidebars_width":0,"ocean_sidebar":"","ocean_second_sidebar":"","ocean_disable_margins":"enable","ocean_add_body_class":"","ocean_shortcode_before_top_bar":"","ocean_shortcode_after_top_bar":"","ocean_shortcode_before_header":"","ocean_shortcode_after_header":"","ocean_has_shortcode":"","ocean_shortcode_after_title":"","ocean_shortcode_before_footer_widgets":"","ocean_shortcode_after_footer_widgets":"","ocean_shortcode_before_footer_bottom":"","ocean_shortcode_after_footer_bottom":"","ocean_display_top_bar":"default","ocean_display_header":"default","ocean_header_style":"","ocean_center_header_left_menu":"","ocean_custom_header_template":"","ocean_custom_logo":0,"ocean_custom_retina_logo":0,"ocean_custom_logo_max_width":0,"ocean_custom_logo_tablet_max_width":0,"ocean_custom_logo_mobile_max_width":0,"ocean_custom_logo_max_height":0,"ocean_custom_logo_tablet_max_height":0,"ocean_custom_logo_mobile_max_height":0,"ocean_header_custom_menu":"","ocean_menu_typo_font_family":"","ocean_menu_typo_font_subset":"","ocean_menu_typo_font_size":0,"ocean_menu_typo_font_size_tablet":0,"ocean_menu_typo_font_size_mobile":0,"ocean_menu_typo_font_size_unit":"px","ocean_menu_typo_font_weight":"","ocean_menu_typo_font_weight_tablet":"","ocean_menu_typo_font_weight_mobile":"","ocean_menu_typo_transform":"","ocean_menu_typo_transform_tablet":"","ocean_menu_typo_transform_mobile":"","ocean_menu_typo_line_height":0,"ocean_menu_typo_line_height_tablet":0,"ocean_menu_typo_line_height_mobile":0,"ocean_menu_typo_line_height_unit":"","ocean_menu_typo_spacing":0,"ocean_menu_typo_spacing_tablet":0,"ocean_menu_typo_spacing_mobile":0,"ocean_menu_typo_spacing_unit":"","ocean_menu_link_color":"","ocean_menu_link_color_hover":"","ocean_menu_link_color_active":"","ocean_menu_link_background":"","ocean_menu_link_hover_background":"","ocean_menu_link_active_background":"","ocean_menu_social_links_bg":"","ocean_menu_social_hover_links_bg":"","ocean_menu_social_links_color":"","ocean_menu_social_hover_links_color":"","ocean_disable_title":"default","ocean_disable_heading":"default","ocean_post_title":"","ocean_post_subheading":"","ocean_post_title_style":"","ocean_post_title_background_color":"","ocean_post_title_background":0,"ocean_post_title_bg_image_position":"","ocean_post_title_bg_image_attachment":"","ocean_post_title_bg_image_repeat":"","ocean_post_title_bg_image_size":"","ocean_post_title_height":0,"ocean_post_title_bg_overlay":0.5,"ocean_post_title_bg_overlay_color":"","ocean_disable_breadcrumbs":"default","ocean_breadcrumbs_color":"","ocean_breadcrumbs_separator_color":"","ocean_breadcrumbs_links_color":"","ocean_breadcrumbs_links_hover_color":"","ocean_display_footer_widgets":"default","ocean_display_footer_bottom":"default","ocean_custom_footer_template":"","footnotes":""},"class_list":["post-225","page","type-page","status-publish","hentry","entry"],"yoast_head":"<!-- This site is optimized with the Yoast SEO plugin v16.2 - https:\/\/yoast.com\/wordpress\/plugins\/seo\/ -->\n<title>Anmeldung &#038; AGB &raquo;<\/title>\n<meta name=\"description\" content=\"Diese Website informiert \u00fcber die Geschichte der Capoeira, die Gruppe Brasil Capoeira in Biel\/Bienne, sowie \u00fcber Capoeira Events, Workshops und Shows.\" \/>\n<meta name=\"robots\" content=\"index, follow, max-snippet:-1, max-image-preview:large, max-video-preview:-1\" \/>\n<link rel=\"canonical\" href=\"https:\/\/brasilcapoeira-biel.com\/de\/kurse\/agb\/\" \/>\n<meta property=\"og:locale\" content=\"de_DE\" \/>\n<meta property=\"og:type\" content=\"article\" \/>\n<meta property=\"og:title\" content=\"Anmeldung &#038; AGB &raquo;\" \/>\n<meta property=\"og:description\" content=\"Diese Website informiert \u00fcber die Geschichte der Capoeira, die Gruppe Brasil Capoeira in Biel\/Bienne, sowie \u00fcber Capoeira Events, Workshops und Shows.\" \/>\n<meta property=\"og:url\" content=\"https:\/\/brasilcapoeira-biel.com\/de\/kurse\/agb\/\" \/>\n<meta property=\"article:publisher\" content=\"https:\/\/www.facebook.com\/brasilcapoeirabienne\/\" \/>\n<meta property=\"article:modified_time\" content=\"2025-01-09T09:17:17+00:00\" \/>\n<meta name=\"twitter:card\" content=\"summary_large_image\" \/>\n<meta name=\"twitter:label1\" content=\"Gesch\u00e4tzte Lesezeit\">\n\t<meta name=\"twitter:data1\" content=\"1\u00a0Minute\">\n<script type=\"application\/ld+json\" class=\"yoast-schema-graph\">{\"@context\":\"https:\/\/schema.org\",\"@graph\":[{\"@type\":\"Organization\",\"@id\":\"https:\/\/brasilcapoeira-biel.com\/de\/#organization\",\"name\":\"Brasil Capoeira Biel\/Bienne\",\"url\":\"https:\/\/brasilcapoeira-biel.com\/de\/\",\"sameAs\":[\"https:\/\/www.facebook.com\/brasilcapoeirabienne\/\",\"https:\/\/www.instagram.com\/brasilcapoeira.bielbienne\/\",\"https:\/\/www.youtube.com\/user\/ABCapoeiraMineiro\/\"],\"logo\":{\"@type\":\"ImageObject\",\"@id\":\"https:\/\/brasilcapoeira-biel.com\/de\/#logo\",\"inLanguage\":\"de\",\"url\":\"https:\/\/brasilcapoeira-biel.com\/de\/wp-content\/uploads\/sites\/2\/2019\/01\/Logo-MINEIRO-neu-1-e1548679081582.png\",\"contentUrl\":\"https:\/\/brasilcapoeira-biel.com\/de\/wp-content\/uploads\/sites\/2\/2019\/01\/Logo-MINEIRO-neu-1-e1548679081582.png\",\"width\":200,\"height\":110,\"caption\":\"Brasil Capoeira Biel\/Bienne\"},\"image\":{\"@id\":\"https:\/\/brasilcapoeira-biel.com\/de\/#logo\"}},{\"@type\":\"WebSite\",\"@id\":\"https:\/\/brasilcapoeira-biel.com\/de\/#website\",\"url\":\"https:\/\/brasilcapoeira-biel.com\/de\/\",\"name\":\"Brasil Capoeira Biel\/Bienne\",\"description\":\"\",\"publisher\":{\"@id\":\"https:\/\/brasilcapoeira-biel.com\/de\/#organization\"},\"potentialAction\":[{\"@type\":\"SearchAction\",\"target\":\"https:\/\/brasilcapoeira-biel.com\/de\/?s={search_term_string}\",\"query-input\":\"required name=search_term_string\"}],\"inLanguage\":\"de\"},{\"@type\":\"WebPage\",\"@id\":\"https:\/\/brasilcapoeira-biel.com\/de\/kurse\/agb\/#webpage\",\"url\":\"https:\/\/brasilcapoeira-biel.com\/de\/kurse\/agb\/\",\"name\":\"Anmeldung &#038; AGB &raquo;\",\"isPartOf\":{\"@id\":\"https:\/\/brasilcapoeira-biel.com\/de\/#website\"},\"datePublished\":\"2019-07-11T13:13:22+00:00\",\"dateModified\":\"2025-01-09T09:17:17+00:00\",\"description\":\"Diese Website informiert \\u00fcber die Geschichte der Capoeira, die Gruppe Brasil Capoeira in Biel\/Bienne, sowie \\u00fcber Capoeira Events, Workshops und Shows.\",\"breadcrumb\":{\"@id\":\"https:\/\/brasilcapoeira-biel.com\/de\/kurse\/agb\/#breadcrumb\"},\"inLanguage\":\"de\",\"potentialAction\":[{\"@type\":\"ReadAction\",\"target\":[\"https:\/\/brasilcapoeira-biel.com\/de\/kurse\/agb\/\"]}]},{\"@type\":\"BreadcrumbList\",\"@id\":\"https:\/\/brasilcapoeira-biel.com\/de\/kurse\/agb\/#breadcrumb\",\"itemListElement\":[{\"@type\":\"ListItem\",\"position\":1,\"item\":{\"@type\":\"WebPage\",\"@id\":\"https:\/\/brasilcapoeira-biel.com\/de\/\",\"url\":\"https:\/\/brasilcapoeira-biel.com\/de\/\",\"name\":\"Startseite\"}},{\"@type\":\"ListItem\",\"position\":2,\"item\":{\"@type\":\"WebPage\",\"@id\":\"https:\/\/brasilcapoeira-biel.com\/de\/kurse\/\",\"url\":\"https:\/\/brasilcapoeira-biel.com\/de\/kurse\/\",\"name\":\"Kurse in Biel\"}},{\"@type\":\"ListItem\",\"position\":3,\"item\":{\"@id\":\"https:\/\/brasilcapoeira-biel.com\/de\/kurse\/agb\/#webpage\"}}]}]}<\/script>\n<!-- \/ Yoast SEO plugin. -->","_links":{"self":[{"href":"https:\/\/brasilcapoeira-biel.com\/de\/wp-json\/wp\/v2\/pages\/225","targetHints":{"allow":["GET"]}}],"collection":[{"href":"https:\/\/brasilcapoeira-biel.com\/de\/wp-json\/wp\/v2\/pages"}],"about":[{"href":"https:\/\/brasilcapoeira-biel.com\/de\/wp-json\/wp\/v2\/types\/page"}],"author":[{"embeddable":true,"href":"https:\/\/brasilcapoeira-biel.com\/de\/wp-json\/wp\/v2\/users\/1"}],"replies":[{"embeddable":true,"href":"https:\/\/brasilcapoeira-biel.com\/de\/wp-json\/wp\/v2\/comments?post=225"}],"version-history":[{"count":27,"href":"https:\/\/brasilcapoeira-biel.com\/de\/wp-json\/wp\/v2\/pages\/225\/revisions"}],"predecessor-version":[{"id":1122,"href":"https:\/\/brasilcapoeira-biel.com\/de\/wp-json\/wp\/v2\/pages\/225\/revisions\/1122"}],"up":[{"embeddable":true,"href":"https:\/\/brasilcapoeira-biel.com\/de\/wp-json\/wp\/v2\/pages\/38"}],"wp:attachment":[{"href":"https:\/\/brasilcapoeira-biel.com\/de\/wp-json\/wp\/v2\/media?parent=225"}],"curies":[{"name":"wp","href":"https:\/\/api.w.org\/{rel}","templated":true}]}}