{"id":281,"date":"2019-08-08T12:53:52","date_gmt":"2019-08-08T10:53:52","guid":{"rendered":"https:\/\/brasilcapoeira-biel.com\/de\/?page_id=281"},"modified":"2025-01-09T11:42:36","modified_gmt":"2025-01-09T10:42:36","slug":"workshops-shows","status":"publish","type":"page","link":"https:\/\/brasilcapoeira-biel.com\/de\/workshops-shows\/","title":{"rendered":"Einf\u00fchrungskurs &#038; Shows"},"content":{"rendered":"\r\n<h3 class=\"wp-block-heading\">Einf\u00fchrungskurs<\/h3>\r\n\r\n\r\n\r\n<p>Die Brasil Capoeira Schule f\u00fchrt Workshops zu den Themen Capoeira; Afro-brasilianische Kultur &amp; Musik; Teambuilding; Akrobatik; und Selbstverteidigung durch und das in Schulen, Firmen und an privaten Anl\u00e4ssen in der ganzen Schweiz. Dabei sind auch mehrt\u00e4tige Workshops in ihrem oder unserem Lokal m\u00f6glich.<br \/>Unsere Workshops beinhalten die Grundlagen der Capoeira sowohl im Bewegungsbereich als auch im musikalischen Bereich, viel Spass in der Gruppe und sozialer Austausch. (Nach Absprache ist auch ein anderer Fokus m\u00f6glich, Beispiele oben).<br \/>Buchen Sie jetzt einen Workshop f\u00fcr Ihren Anlass und bringen Sie andere Menschen mit dieser Zauberhaften Kunst in Ber\u00fchrung.<\/p>\r\n\r\n\r\n\r\n<div class=\"wp-block-image\">\r\n<figure class=\"aligncenter is-resized\"><img fetchpriority=\"high\" decoding=\"async\" class=\"wp-image-283\" src=\"https:\/\/brasilcapoeira-biel.com\/de\/wp-content\/uploads\/sites\/2\/2019\/08\/show-1024x741.jpg\" alt=\"\" width=\"362\" height=\"262\" srcset=\"https:\/\/brasilcapoeira-biel.com\/de\/wp-content\/uploads\/sites\/2\/2019\/08\/show-1024x741.jpg 1024w, https:\/\/brasilcapoeira-biel.com\/de\/wp-content\/uploads\/sites\/2\/2019\/08\/show-300x217.jpg 300w, https:\/\/brasilcapoeira-biel.com\/de\/wp-content\/uploads\/sites\/2\/2019\/08\/show-768x556.jpg 768w, https:\/\/brasilcapoeira-biel.com\/de\/wp-content\/uploads\/sites\/2\/2019\/08\/show.jpg 1395w\" sizes=\"(max-width: 362px) 100vw, 362px\" \/><\/figure>\r\n<\/div>\r\n\r\n\r\n\r\n<h3 class=\"wp-block-heading\">Shows<\/h3>\r\n\r\n\r\n\r\n<p>Shows bieten wir in verschiedenen Formaten an, wie zum Beispiel: Shows mit gemischter Gruppe von Artisten f\u00fcr kleinere Anl\u00e4sse wie ein Quartiersfest, eine Geburtstagsfeier oder Vereinsveranstaltungen. <br \/>F\u00fcr Hochzeiten, Partys oder andere Grossanl\u00e4sse bieten Semi-Professionelle Shows f\u00fcr eine h\u00f6here Anzahl von professionellen Artisten; und professionelle Shows, ausschliesslich mit Top-Artisten an.<br \/>Alle Shows bieten einen unvergesslichen Moment f\u00fcr ihren Anlass und sind Eye-Catcher f\u00fcr Musik-, Tanz-, Akrobatik- und Kampfkunstliebhaber!<br \/>Buchen Sie jetzt eine Show f\u00fcr Ihren Anlass und kommen Sie in den Genuss unseres Spekatkels!<\/p>\r\n\r\n\r\n\r\n<div class=\"wp-block-spacer\" style=\"height: 50px;\" aria-hidden=\"true\">\u00a0<\/div>\r\n\r\n\r\n\r\n<p>Kontakt:<\/p>\r\n\r\n\r\n\r\n<p>Mineiro (Janko Richter)<br \/>Tel. 077 438 74 34<br \/><a href=\"mailto: mineiro@brasilcapoeira.com\">E-Mail:<\/a> mineiro@brasilcapoeira.com<\/p>\r\n\r\n\r\n\r\n<ul class=\"wp-block-gallery columns-2 is-cropped wp-block-gallery-1 is-layout-flex wp-block-gallery-is-layout-flex\">\r\n<li class=\"blocks-gallery-item\">\r\n<figure><img decoding=\"async\" width=\"640\" height=\"741\" class=\"wp-image-285\" src=\"https:\/\/brasilcapoeira-biel.com\/de\/wp-content\/uploads\/sites\/2\/2019\/08\/IMG-20180707-WA0005.jpg\" alt=\"\" data-id=\"285\" data-link=\"https:\/\/brasilcapoeira-biel.com\/de\/workshops-shows\/img-20180707-wa0005\/\" srcset=\"https:\/\/brasilcapoeira-biel.com\/de\/wp-content\/uploads\/sites\/2\/2019\/08\/IMG-20180707-WA0005.jpg 640w, https:\/\/brasilcapoeira-biel.com\/de\/wp-content\/uploads\/sites\/2\/2019\/08\/IMG-20180707-WA0005-259x300.jpg 259w\" sizes=\"(max-width: 640px) 100vw, 640px\" \/><\/figure>\r\n<\/li>\r\n<li class=\"blocks-gallery-item\">\r\n<figure><img decoding=\"async\" width=\"1024\" height=\"768\" class=\"wp-image-286\" src=\"https:\/\/brasilcapoeira-biel.com\/de\/wp-content\/uploads\/sites\/2\/2019\/08\/IMG-20180909-WA0026-1024x768.jpg\" alt=\"\" data-id=\"286\" data-link=\"https:\/\/brasilcapoeira-biel.com\/de\/workshops-shows\/img-20180909-wa0026\/\" srcset=\"https:\/\/brasilcapoeira-biel.com\/de\/wp-content\/uploads\/sites\/2\/2019\/08\/IMG-20180909-WA0026-1024x768.jpg 1024w, https:\/\/brasilcapoeira-biel.com\/de\/wp-content\/uploads\/sites\/2\/2019\/08\/IMG-20180909-WA0026-300x225.jpg 300w, https:\/\/brasilcapoeira-biel.com\/de\/wp-content\/uploads\/sites\/2\/2019\/08\/IMG-20180909-WA0026-768x576.jpg 768w, https:\/\/brasilcapoeira-biel.com\/de\/wp-content\/uploads\/sites\/2\/2019\/08\/IMG-20180909-WA0026.jpg 1600w\" sizes=\"(max-width: 1024px) 100vw, 1024px\" \/><\/figure>\r\n<\/li>\r\n<li class=\"blocks-gallery-item\">\r\n<figure><img loading=\"lazy\" decoding=\"async\" width=\"960\" height=\"640\" class=\"wp-image-287\" src=\"https:\/\/brasilcapoeira-biel.com\/de\/wp-content\/uploads\/sites\/2\/2019\/08\/IMG-20190512-WA0011.jpg\" alt=\"\" data-id=\"287\" data-link=\"https:\/\/brasilcapoeira-biel.com\/de\/workshops-shows\/img-20190512-wa0011\/\" srcset=\"https:\/\/brasilcapoeira-biel.com\/de\/wp-content\/uploads\/sites\/2\/2019\/08\/IMG-20190512-WA0011.jpg 960w, https:\/\/brasilcapoeira-biel.com\/de\/wp-content\/uploads\/sites\/2\/2019\/08\/IMG-20190512-WA0011-300x200.jpg 300w, https:\/\/brasilcapoeira-biel.com\/de\/wp-content\/uploads\/sites\/2\/2019\/08\/IMG-20190512-WA0011-768x512.jpg 768w\" sizes=\"(max-width: 960px) 100vw, 960px\" \/><\/figure>\r\n<\/li>\r\n<li class=\"blocks-gallery-item\">\r\n<figure><img loading=\"lazy\" decoding=\"async\" width=\"1024\" height=\"768\" class=\"wp-image-288\" src=\"https:\/\/brasilcapoeira-biel.com\/de\/wp-content\/uploads\/sites\/2\/2019\/08\/IMG-20190727-WA0033-1024x768.jpg\" alt=\"\" data-id=\"288\" data-link=\"https:\/\/brasilcapoeira-biel.com\/de\/workshops-shows\/img-20190727-wa0033\/\" srcset=\"https:\/\/brasilcapoeira-biel.com\/de\/wp-content\/uploads\/sites\/2\/2019\/08\/IMG-20190727-WA0033-1024x768.jpg 1024w, https:\/\/brasilcapoeira-biel.com\/de\/wp-content\/uploads\/sites\/2\/2019\/08\/IMG-20190727-WA0033-300x225.jpg 300w, https:\/\/brasilcapoeira-biel.com\/de\/wp-content\/uploads\/sites\/2\/2019\/08\/IMG-20190727-WA0033-768x576.jpg 768w, https:\/\/brasilcapoeira-biel.com\/de\/wp-content\/uploads\/sites\/2\/2019\/08\/IMG-20190727-WA0033.jpg 1920w\" sizes=\"(max-width: 1024px) 100vw, 1024px\" \/><\/figure>\r\n<\/li>\r\n<li class=\"blocks-gallery-item\">\r\n<figure><img loading=\"lazy\" decoding=\"async\" width=\"1024\" height=\"768\" class=\"wp-image-289\" src=\"https:\/\/brasilcapoeira-biel.com\/de\/wp-content\/uploads\/sites\/2\/2019\/08\/IMG-20180711-WA0004-1024x768.jpg\" alt=\"\" data-id=\"289\" data-link=\"https:\/\/brasilcapoeira-biel.com\/de\/workshops-shows\/img-20180711-wa0004\/\" srcset=\"https:\/\/brasilcapoeira-biel.com\/de\/wp-content\/uploads\/sites\/2\/2019\/08\/IMG-20180711-WA0004-1024x768.jpg 1024w, https:\/\/brasilcapoeira-biel.com\/de\/wp-content\/uploads\/sites\/2\/2019\/08\/IMG-20180711-WA0004-300x225.jpg 300w, https:\/\/brasilcapoeira-biel.com\/de\/wp-content\/uploads\/sites\/2\/2019\/08\/IMG-20180711-WA0004-768x576.jpg 768w, https:\/\/brasilcapoeira-biel.com\/de\/wp-content\/uploads\/sites\/2\/2019\/08\/IMG-20180711-WA0004.jpg 1600w\" sizes=\"(max-width: 1024px) 100vw, 1024px\" \/><\/figure>\r\n<\/li>\r\n<li class=\"blocks-gallery-item\">\r\n<figure><img loading=\"lazy\" decoding=\"async\" width=\"1024\" height=\"683\" class=\"wp-image-290\" src=\"https:\/\/brasilcapoeira-biel.com\/de\/wp-content\/uploads\/sites\/2\/2019\/08\/18050_6044-1024x683.jpg\" alt=\"\" data-id=\"290\" data-link=\"https:\/\/brasilcapoeira-biel.com\/de\/workshops-shows\/18050_6044\/\" srcset=\"https:\/\/brasilcapoeira-biel.com\/de\/wp-content\/uploads\/sites\/2\/2019\/08\/18050_6044-1024x683.jpg 1024w, https:\/\/brasilcapoeira-biel.com\/de\/wp-content\/uploads\/sites\/2\/2019\/08\/18050_6044-300x200.jpg 300w, https:\/\/brasilcapoeira-biel.com\/de\/wp-content\/uploads\/sites\/2\/2019\/08\/18050_6044-768x512.jpg 768w\" sizes=\"(max-width: 1024px) 100vw, 1024px\" \/><\/figure>\r\n<\/li>\r\n<\/ul>\r\n","protected":false},"excerpt":{"rendered":"<p>Einf\u00fchrungskurs Die Brasil Capoeira Schule f\u00fchrt Workshops zu den Themen Capoeira; Afro-brasilianische Kultur &amp; Musik; Teambuilding; Akrobatik; und Selbstverteidigung durch und das in Schulen, Firmen und an privaten Anl\u00e4ssen in der ganzen Schweiz. Dabei sind auch mehrt\u00e4tige Workshops in ihrem oder unserem Lokal m\u00f6glich.Unsere Workshops beinhalten die Grundlagen der Capoeira sowohl im Bewegungsbereich als auch [&hellip;]<\/p>\n","protected":false},"author":1,"featured_media":0,"parent":0,"menu_order":0,"comment_status":"closed","ping_status":"closed","template":"","meta":{"ocean_post_layout":"","ocean_both_sidebars_style":"","ocean_both_sidebars_content_width":0,"ocean_both_sidebars_sidebars_width":0,"ocean_sidebar":"","ocean_second_sidebar":"","ocean_disable_margins":"enable","ocean_add_body_class":"","ocean_shortcode_before_top_bar":"","ocean_shortcode_after_top_bar":"","ocean_shortcode_before_header":"","ocean_shortcode_after_header":"","ocean_has_shortcode":"","ocean_shortcode_after_title":"","ocean_shortcode_before_footer_widgets":"","ocean_shortcode_after_footer_widgets":"","ocean_shortcode_before_footer_bottom":"","ocean_shortcode_after_footer_bottom":"","ocean_display_top_bar":"default","ocean_display_header":"default","ocean_header_style":"","ocean_center_header_left_menu":"","ocean_custom_header_template":"","ocean_custom_logo":0,"ocean_custom_retina_logo":0,"ocean_custom_logo_max_width":0,"ocean_custom_logo_tablet_max_width":0,"ocean_custom_logo_mobile_max_width":0,"ocean_custom_logo_max_height":0,"ocean_custom_logo_tablet_max_height":0,"ocean_custom_logo_mobile_max_height":0,"ocean_header_custom_menu":"","ocean_menu_typo_font_family":"","ocean_menu_typo_font_subset":"","ocean_menu_typo_font_size":0,"ocean_menu_typo_font_size_tablet":0,"ocean_menu_typo_font_size_mobile":0,"ocean_menu_typo_font_size_unit":"px","ocean_menu_typo_font_weight":"","ocean_menu_typo_font_weight_tablet":"","ocean_menu_typo_font_weight_mobile":"","ocean_menu_typo_transform":"","ocean_menu_typo_transform_tablet":"","ocean_menu_typo_transform_mobile":"","ocean_menu_typo_line_height":0,"ocean_menu_typo_line_height_tablet":0,"ocean_menu_typo_line_height_mobile":0,"ocean_menu_typo_line_height_unit":"","ocean_menu_typo_spacing":0,"ocean_menu_typo_spacing_tablet":0,"ocean_menu_typo_spacing_mobile":0,"ocean_menu_typo_spacing_unit":"","ocean_menu_link_color":"","ocean_menu_link_color_hover":"","ocean_menu_link_color_active":"","ocean_menu_link_background":"","ocean_menu_link_hover_background":"","ocean_menu_link_active_background":"","ocean_menu_social_links_bg":"","ocean_menu_social_hover_links_bg":"","ocean_menu_social_links_color":"","ocean_menu_social_hover_links_color":"","ocean_disable_title":"default","ocean_disable_heading":"default","ocean_post_title":"","ocean_post_subheading":"","ocean_post_title_style":"","ocean_post_title_background_color":"","ocean_post_title_background":0,"ocean_post_title_bg_image_position":"","ocean_post_title_bg_image_attachment":"","ocean_post_title_bg_image_repeat":"","ocean_post_title_bg_image_size":"","ocean_post_title_height":0,"ocean_post_title_bg_overlay":0.5,"ocean_post_title_bg_overlay_color":"","ocean_disable_breadcrumbs":"default","ocean_breadcrumbs_color":"","ocean_breadcrumbs_separator_color":"","ocean_breadcrumbs_links_color":"","ocean_breadcrumbs_links_hover_color":"","ocean_display_footer_widgets":"default","ocean_display_footer_bottom":"default","ocean_custom_footer_template":"","footnotes":""},"class_list":["post-281","page","type-page","status-publish","hentry","entry"],"yoast_head":"<!-- This site is optimized with the Yoast SEO plugin v16.2 - https:\/\/yoast.com\/wordpress\/plugins\/seo\/ -->\n<title>Workshops &amp; Shows in Biel \u2013 Faszinierende Capoeira erleben<\/title>\n<meta name=\"description\" content=\"Erleben Sie spektakul\u00e4re Capoeira-Workshops und Shows in Biel! Entdecken Sie die perfekte Kombination aus Musik, Tanz und Kampfkunst. Jetzt buchen!\" \/>\n<meta name=\"robots\" content=\"index, follow, max-snippet:-1, max-image-preview:large, max-video-preview:-1\" \/>\n<link rel=\"canonical\" href=\"https:\/\/brasilcapoeira-biel.com\/de\/workshops-shows\/\" \/>\n<meta property=\"og:locale\" content=\"de_DE\" \/>\n<meta property=\"og:type\" content=\"article\" \/>\n<meta property=\"og:title\" content=\"Workshops &amp; Shows in Biel \u2013 Faszinierende Capoeira erleben\" \/>\n<meta property=\"og:description\" content=\"Erleben Sie spektakul\u00e4re Capoeira-Workshops und Shows in Biel! Entdecken Sie die perfekte Kombination aus Musik, Tanz und Kampfkunst. Jetzt buchen!\" \/>\n<meta property=\"og:url\" content=\"https:\/\/brasilcapoeira-biel.com\/de\/workshops-shows\/\" \/>\n<meta property=\"article:publisher\" content=\"https:\/\/www.facebook.com\/brasilcapoeirabienne\/\" \/>\n<meta property=\"article:modified_time\" content=\"2025-01-09T10:42:36+00:00\" \/>\n<meta property=\"og:image\" content=\"https:\/\/brasilcapoeira-biel.com\/de\/wp-content\/uploads\/sites\/2\/2019\/08\/show-1024x741.jpg\" \/>\n<meta name=\"twitter:card\" content=\"summary_large_image\" \/>\n<meta name=\"twitter:label1\" content=\"Gesch\u00e4tzte Lesezeit\">\n\t<meta name=\"twitter:data1\" content=\"3\u00a0Minuten\">\n<script type=\"application\/ld+json\" class=\"yoast-schema-graph\">{\"@context\":\"https:\/\/schema.org\",\"@graph\":[{\"@type\":\"Organization\",\"@id\":\"https:\/\/brasilcapoeira-biel.com\/de\/#organization\",\"name\":\"Brasil Capoeira Biel\/Bienne\",\"url\":\"https:\/\/brasilcapoeira-biel.com\/de\/\",\"sameAs\":[\"https:\/\/www.facebook.com\/brasilcapoeirabienne\/\",\"https:\/\/www.instagram.com\/brasilcapoeira.bielbienne\/\",\"https:\/\/www.youtube.com\/user\/ABCapoeiraMineiro\/\"],\"logo\":{\"@type\":\"ImageObject\",\"@id\":\"https:\/\/brasilcapoeira-biel.com\/de\/#logo\",\"inLanguage\":\"de\",\"url\":\"https:\/\/brasilcapoeira-biel.com\/de\/wp-content\/uploads\/sites\/2\/2019\/01\/Logo-MINEIRO-neu-1-e1548679081582.png\",\"contentUrl\":\"https:\/\/brasilcapoeira-biel.com\/de\/wp-content\/uploads\/sites\/2\/2019\/01\/Logo-MINEIRO-neu-1-e1548679081582.png\",\"width\":200,\"height\":110,\"caption\":\"Brasil Capoeira Biel\/Bienne\"},\"image\":{\"@id\":\"https:\/\/brasilcapoeira-biel.com\/de\/#logo\"}},{\"@type\":\"WebSite\",\"@id\":\"https:\/\/brasilcapoeira-biel.com\/de\/#website\",\"url\":\"https:\/\/brasilcapoeira-biel.com\/de\/\",\"name\":\"Brasil Capoeira Biel\/Bienne\",\"description\":\"\",\"publisher\":{\"@id\":\"https:\/\/brasilcapoeira-biel.com\/de\/#organization\"},\"potentialAction\":[{\"@type\":\"SearchAction\",\"target\":\"https:\/\/brasilcapoeira-biel.com\/de\/?s={search_term_string}\",\"query-input\":\"required name=search_term_string\"}],\"inLanguage\":\"de\"},{\"@type\":\"ImageObject\",\"@id\":\"https:\/\/brasilcapoeira-biel.com\/de\/workshops-shows\/#primaryimage\",\"inLanguage\":\"de\",\"url\":\"https:\/\/brasilcapoeira-biel.com\/de\/wp-content\/uploads\/sites\/2\/2019\/08\/show.jpg\",\"contentUrl\":\"https:\/\/brasilcapoeira-biel.com\/de\/wp-content\/uploads\/sites\/2\/2019\/08\/show.jpg\",\"width\":1395,\"height\":1010},{\"@type\":\"WebPage\",\"@id\":\"https:\/\/brasilcapoeira-biel.com\/de\/workshops-shows\/#webpage\",\"url\":\"https:\/\/brasilcapoeira-biel.com\/de\/workshops-shows\/\",\"name\":\"Workshops & Shows in Biel \\u2013 Faszinierende Capoeira erleben\",\"isPartOf\":{\"@id\":\"https:\/\/brasilcapoeira-biel.com\/de\/#website\"},\"primaryImageOfPage\":{\"@id\":\"https:\/\/brasilcapoeira-biel.com\/de\/workshops-shows\/#primaryimage\"},\"datePublished\":\"2019-08-08T10:53:52+00:00\",\"dateModified\":\"2025-01-09T10:42:36+00:00\",\"description\":\"Erleben Sie spektakul\\u00e4re Capoeira-Workshops und Shows in Biel! Entdecken Sie die perfekte Kombination aus Musik, Tanz und Kampfkunst. Jetzt buchen!\",\"breadcrumb\":{\"@id\":\"https:\/\/brasilcapoeira-biel.com\/de\/workshops-shows\/#breadcrumb\"},\"inLanguage\":\"de\",\"potentialAction\":[{\"@type\":\"ReadAction\",\"target\":[\"https:\/\/brasilcapoeira-biel.com\/de\/workshops-shows\/\"]}]},{\"@type\":\"BreadcrumbList\",\"@id\":\"https:\/\/brasilcapoeira-biel.com\/de\/workshops-shows\/#breadcrumb\",\"itemListElement\":[{\"@type\":\"ListItem\",\"position\":1,\"item\":{\"@type\":\"WebPage\",\"@id\":\"https:\/\/brasilcapoeira-biel.com\/de\/\",\"url\":\"https:\/\/brasilcapoeira-biel.com\/de\/\",\"name\":\"Startseite\"}},{\"@type\":\"ListItem\",\"position\":2,\"item\":{\"@id\":\"https:\/\/brasilcapoeira-biel.com\/de\/workshops-shows\/#webpage\"}}]}]}<\/script>\n<!-- \/ Yoast SEO plugin. -->","_links":{"self":[{"href":"https:\/\/brasilcapoeira-biel.com\/de\/wp-json\/wp\/v2\/pages\/281","targetHints":{"allow":["GET"]}}],"collection":[{"href":"https:\/\/brasilcapoeira-biel.com\/de\/wp-json\/wp\/v2\/pages"}],"about":[{"href":"https:\/\/brasilcapoeira-biel.com\/de\/wp-json\/wp\/v2\/types\/page"}],"author":[{"embeddable":true,"href":"https:\/\/brasilcapoeira-biel.com\/de\/wp-json\/wp\/v2\/users\/1"}],"replies":[{"embeddable":true,"href":"https:\/\/brasilcapoeira-biel.com\/de\/wp-json\/wp\/v2\/comments?post=281"}],"version-history":[{"count":9,"href":"https:\/\/brasilcapoeira-biel.com\/de\/wp-json\/wp\/v2\/pages\/281\/revisions"}],"predecessor-version":[{"id":1134,"href":"https:\/\/brasilcapoeira-biel.com\/de\/wp-json\/wp\/v2\/pages\/281\/revisions\/1134"}],"wp:attachment":[{"href":"https:\/\/brasilcapoeira-biel.com\/de\/wp-json\/wp\/v2\/media?parent=281"}],"curies":[{"name":"wp","href":"https:\/\/api.w.org\/{rel}","templated":true}]}}