{"id":342,"date":"2019-08-09T13:50:51","date_gmt":"2019-08-09T11:50:51","guid":{"rendered":"https:\/\/brasilcapoeira-biel.com\/de\/?page_id=342"},"modified":"2025-09-10T11:55:24","modified_gmt":"2025-09-10T09:55:24","slug":"events","status":"publish","type":"page","link":"https:\/\/brasilcapoeira-biel.com\/de\/events\/","title":{"rendered":"Events"},"content":{"rendered":"\r\n<p>An den Events k\u00f6nnen Kinder und Erwachsene von Kursen mit Mestres (Capoeirameister) aus verschiedenen L\u00e4ndern profitieren und sich mit anderen Mitgliedern der Brasil Capoeira Schule austauschen, welche von Bern, Basel, Biel, Thun und Murten kommen. Sch\u00fcler und Sch\u00fclerinnen von anderen Gruppen sind auch herzlich eingeladen, die Kurse zu besuchen.<\/p>\r\n\r\n\r\n\r\n<p>Die Brasil Capoeira Schule Biel\/Bienne organisiert j\u00e4hrlich ein Festival mit <em>Batizado &amp; Troca de Cordas<\/em> und vielz\u00e4hlige Workshops, sowie kleinere Events wie Osterevent, Caxixiworkshop, Berimbauworkshop etc. Die n\u00e4chsten Daten findest du rechts in der Infospalte.<br \/>In Bern, dem Hauptsitz der Brasil Capoeira Schule, werden f\u00fcr gew\u00f6hnlich zwei grosse Events pro Jahr durchgef\u00fchrt. Um mehr Erfahrung zu gewinnen und um die Integration in die Gruppe zu f\u00f6rdern, wird empfohlen, an diesen Anl\u00e4ssen teilzunehemen.<br \/>Der Besuch von Events unserer verschiedenen Filialen, sowie der Besuch von Events anderer Gruppen wird ebenfalls empfohlen, sie helfen der Entwicklung des Praktizierenden. Bespreche deinen Besuch bei einer fremden Gruppe vorg\u00e4ngig mit deinem Trainer.<\/p>\r\n\r\n\r\n\r\n<div class=\"wp-block-image\">\r\n<figure class=\"aligncenter is-resized\">\r\n<figcaption>\r\n<figure id=\"attachment_1176\" aria-describedby=\"caption-attachment-1176\" style=\"width: 640px\" class=\"wp-caption alignnone\"><img fetchpriority=\"high\" decoding=\"async\" class=\"wp-image-1176 size-large\" src=\"https:\/\/brasilcapoeira-biel.com\/de\/wp-content\/uploads\/sites\/2\/2025\/06\/IMG_5461_group-heller-2048x1059.jpeg\" alt=\"\" width=\"640\" height=\"331\" srcset=\"https:\/\/brasilcapoeira-biel.com\/de\/wp-content\/uploads\/sites\/2\/2025\/06\/IMG_5461_group-heller-2048x1059.jpeg 2048w, https:\/\/brasilcapoeira-biel.com\/de\/wp-content\/uploads\/sites\/2\/2025\/06\/IMG_5461_group-heller-300x155.jpeg 300w, https:\/\/brasilcapoeira-biel.com\/de\/wp-content\/uploads\/sites\/2\/2025\/06\/IMG_5461_group-heller-768x397.jpeg 768w, https:\/\/brasilcapoeira-biel.com\/de\/wp-content\/uploads\/sites\/2\/2025\/06\/IMG_5461_group-heller-1536x794.jpeg 1536w\" sizes=\"(max-width: 640px) 100vw, 640px\" \/><figcaption id=\"caption-attachment-1176\" class=\"wp-caption-text\">GINGA BIENNE &#8211; Capoeira Festival 2025<\/figcaption><\/figure>\r\n<\/figcaption>\r\n<\/figure>\r\n<\/div>\r\n\r\n\r\n\r\n<h3 class=\"wp-block-heading\">Rodas der Brasil Capoeira Schule<\/h3>\r\n\r\n\r\n\r\n\r\n\r\n<p><strong>Monatsroda Biel: <\/strong>Die Monatsroda findet alternierend am dritten Dienstag oder Donnerstag des Monats um 19:20 Uhr statt. Movido: Ernst Sch\u00fclerstr. 66, 2502 Biel\/Bienne<\/p>\r\n<p><strong>Monatsroda Bern:<\/strong> Die Monatsroda findet jeweils am ersten Dienstag des Monats um 18:30 Uhr statt. Academia: Gesellschaftsstr. 38, 3012 Bern<\/p>\r\n\r\n\r\n\r\n<p><img decoding=\"async\" class=\"alignnone wp-image-1189 \" src=\"https:\/\/brasilcapoeira-biel.com\/de\/wp-content\/uploads\/sites\/2\/2025\/09\/Rodas_biel-2-1448x2048.jpg\" alt=\"\" width=\"306\" height=\"433\" srcset=\"https:\/\/brasilcapoeira-biel.com\/de\/wp-content\/uploads\/sites\/2\/2025\/09\/Rodas_biel-2-1448x2048.jpg 1448w, https:\/\/brasilcapoeira-biel.com\/de\/wp-content\/uploads\/sites\/2\/2025\/09\/Rodas_biel-2-212x300.jpg 212w, https:\/\/brasilcapoeira-biel.com\/de\/wp-content\/uploads\/sites\/2\/2025\/09\/Rodas_biel-2-768x1086.jpg 768w, https:\/\/brasilcapoeira-biel.com\/de\/wp-content\/uploads\/sites\/2\/2025\/09\/Rodas_biel-2-1086x1536.jpg 1086w, https:\/\/brasilcapoeira-biel.com\/de\/wp-content\/uploads\/sites\/2\/2025\/09\/Rodas_biel-2-scaled.jpg 1811w\" sizes=\"(max-width: 306px) 100vw, 306px\" \/><\/p>\r\n\r\n\r\n\r\n<p>&nbsp;<\/p>\r\n\r\n\r\n\r\n<h3 class=\"wp-block-heading\">Begriffserl\u00e4uterung<\/h3>\r\n\r\n\r\n\r\n<p><em>Roda<\/em> (portugiesisch f\u00fcr Kreis) wird der Spielkreis genannt, in welchem zwei Capoeiristas miteinander spielen. An den Rodas unserer Schule sind alle Kinder und Erwachsene willkommen.<\/p>\r\n\r\n\r\n\r\n<p><em>Batizado<\/em> (portugiesisch f\u00fcr Taufe) wird in der Capoeira die Verleihung des ersten Gurtes genannt und die Aufnahme in die Welt der Capoeiristas.<\/p>\r\n\r\n\r\n\r\n<p><em>Troca de Cordas<\/em> (portugiesisch f\u00fcr Gurtwechsel) nennt man das Wechseln des Gurtes vom zweiten bis zum letzten Gurt.<\/p>\r\n\r\n\r\n\r\n<p><em>Formatura<\/em> (portugiesisch f\u00fcr Abschluss) wird die Verleihung des Titels &#8220;Professor&#8221; oder &#8220;Mestre&#8221; genannt.<\/p>\r\n\r\n\r\n\r\n<p><em>Jogos<\/em> (portugiesisch f\u00fcr Spiele). Bei den Jogos zeigen die Capoeiristas vor einer Jury ihr bestes k\u00f6nnen im Spiel. Dabei wird auf die Technik des Spielers, die Harmonie zwischen den beiden Spielern und die Abgestimmtheit des Spiels auf den Rhythmus geachtet.<\/p>\r\n","protected":false},"excerpt":{"rendered":"<p>An den Events k\u00f6nnen Kinder und Erwachsene von Kursen mit Mestres (Capoeirameister) aus verschiedenen L\u00e4ndern profitieren und sich mit anderen Mitgliedern der Brasil Capoeira Schule austauschen, welche von Bern, Basel, Biel, Thun und Murten kommen. Sch\u00fcler und Sch\u00fclerinnen von anderen Gruppen sind auch herzlich eingeladen, die Kurse zu besuchen. Die Brasil Capoeira Schule Biel\/Bienne organisiert [&hellip;]<\/p>\n","protected":false},"author":1,"featured_media":0,"parent":0,"menu_order":0,"comment_status":"closed","ping_status":"closed","template":"","meta":{"ocean_post_layout":"","ocean_both_sidebars_style":"","ocean_both_sidebars_content_width":0,"ocean_both_sidebars_sidebars_width":0,"ocean_sidebar":"","ocean_second_sidebar":"","ocean_disable_margins":"enable","ocean_add_body_class":"","ocean_shortcode_before_top_bar":"","ocean_shortcode_after_top_bar":"","ocean_shortcode_before_header":"","ocean_shortcode_after_header":"","ocean_has_shortcode":"","ocean_shortcode_after_title":"","ocean_shortcode_before_footer_widgets":"","ocean_shortcode_after_footer_widgets":"","ocean_shortcode_before_footer_bottom":"","ocean_shortcode_after_footer_bottom":"","ocean_display_top_bar":"default","ocean_display_header":"default","ocean_header_style":"","ocean_center_header_left_menu":"","ocean_custom_header_template":"","ocean_custom_logo":0,"ocean_custom_retina_logo":0,"ocean_custom_logo_max_width":0,"ocean_custom_logo_tablet_max_width":0,"ocean_custom_logo_mobile_max_width":0,"ocean_custom_logo_max_height":0,"ocean_custom_logo_tablet_max_height":0,"ocean_custom_logo_mobile_max_height":0,"ocean_header_custom_menu":"","ocean_menu_typo_font_family":"","ocean_menu_typo_font_subset":"","ocean_menu_typo_font_size":0,"ocean_menu_typo_font_size_tablet":0,"ocean_menu_typo_font_size_mobile":0,"ocean_menu_typo_font_size_unit":"px","ocean_menu_typo_font_weight":"","ocean_menu_typo_font_weight_tablet":"","ocean_menu_typo_font_weight_mobile":"","ocean_menu_typo_transform":"","ocean_menu_typo_transform_tablet":"","ocean_menu_typo_transform_mobile":"","ocean_menu_typo_line_height":0,"ocean_menu_typo_line_height_tablet":0,"ocean_menu_typo_line_height_mobile":0,"ocean_menu_typo_line_height_unit":"","ocean_menu_typo_spacing":0,"ocean_menu_typo_spacing_tablet":0,"ocean_menu_typo_spacing_mobile":0,"ocean_menu_typo_spacing_unit":"","ocean_menu_link_color":"","ocean_menu_link_color_hover":"","ocean_menu_link_color_active":"","ocean_menu_link_background":"","ocean_menu_link_hover_background":"","ocean_menu_link_active_background":"","ocean_menu_social_links_bg":"","ocean_menu_social_hover_links_bg":"","ocean_menu_social_links_color":"","ocean_menu_social_hover_links_color":"","ocean_disable_title":"default","ocean_disable_heading":"default","ocean_post_title":"","ocean_post_subheading":"","ocean_post_title_style":"","ocean_post_title_background_color":"","ocean_post_title_background":0,"ocean_post_title_bg_image_position":"","ocean_post_title_bg_image_attachment":"","ocean_post_title_bg_image_repeat":"","ocean_post_title_bg_image_size":"","ocean_post_title_height":0,"ocean_post_title_bg_overlay":0.5,"ocean_post_title_bg_overlay_color":"","ocean_disable_breadcrumbs":"default","ocean_breadcrumbs_color":"","ocean_breadcrumbs_separator_color":"","ocean_breadcrumbs_links_color":"","ocean_breadcrumbs_links_hover_color":"","ocean_display_footer_widgets":"default","ocean_display_footer_bottom":"default","ocean_custom_footer_template":"","footnotes":""},"class_list":["post-342","page","type-page","status-publish","hentry","entry"],"yoast_head":"<!-- This site is optimized with the Yoast SEO plugin v16.2 - https:\/\/yoast.com\/wordpress\/plugins\/seo\/ -->\n<title>Capoeira-Events in Biel \u2013 Eintauchen in die brasilianische Kultur<\/title>\n<meta name=\"description\" content=\"Entdecken Sie unsere Capoeira-Events in Biel! Erleben Sie unvergessliche Momente voller Musik, Tanz und brasilianischer Kampfkunst. Jetzt mitmachen!\" \/>\n<meta name=\"robots\" content=\"index, follow, max-snippet:-1, max-image-preview:large, max-video-preview:-1\" \/>\n<link rel=\"canonical\" href=\"https:\/\/brasilcapoeira-biel.com\/de\/events\/\" \/>\n<meta property=\"og:locale\" content=\"de_DE\" \/>\n<meta property=\"og:type\" content=\"article\" \/>\n<meta property=\"og:title\" content=\"Capoeira-Events in Biel \u2013 Eintauchen in die brasilianische Kultur\" \/>\n<meta property=\"og:description\" content=\"Entdecken Sie unsere Capoeira-Events in Biel! Erleben Sie unvergessliche Momente voller Musik, Tanz und brasilianischer Kampfkunst. Jetzt mitmachen!\" \/>\n<meta property=\"og:url\" content=\"https:\/\/brasilcapoeira-biel.com\/de\/events\/\" \/>\n<meta property=\"article:publisher\" content=\"https:\/\/www.facebook.com\/brasilcapoeirabienne\/\" \/>\n<meta property=\"article:modified_time\" content=\"2025-09-10T09:55:24+00:00\" \/>\n<meta property=\"og:image\" content=\"https:\/\/brasilcapoeira-biel.com\/de\/wp-content\/uploads\/sites\/2\/2025\/06\/IMG_5461_group-heller-2048x1059.jpeg\" \/>\n<meta name=\"twitter:card\" content=\"summary_large_image\" \/>\n<meta name=\"twitter:label1\" content=\"Gesch\u00e4tzte Lesezeit\">\n\t<meta name=\"twitter:data1\" content=\"2\u00a0Minuten\">\n<script type=\"application\/ld+json\" class=\"yoast-schema-graph\">{\"@context\":\"https:\/\/schema.org\",\"@graph\":[{\"@type\":\"Organization\",\"@id\":\"https:\/\/brasilcapoeira-biel.com\/de\/#organization\",\"name\":\"Brasil Capoeira Biel\/Bienne\",\"url\":\"https:\/\/brasilcapoeira-biel.com\/de\/\",\"sameAs\":[\"https:\/\/www.facebook.com\/brasilcapoeirabienne\/\",\"https:\/\/www.instagram.com\/brasilcapoeira.bielbienne\/\",\"https:\/\/www.youtube.com\/user\/ABCapoeiraMineiro\/\"],\"logo\":{\"@type\":\"ImageObject\",\"@id\":\"https:\/\/brasilcapoeira-biel.com\/de\/#logo\",\"inLanguage\":\"de\",\"url\":\"https:\/\/brasilcapoeira-biel.com\/de\/wp-content\/uploads\/sites\/2\/2019\/01\/Logo-MINEIRO-neu-1-e1548679081582.png\",\"contentUrl\":\"https:\/\/brasilcapoeira-biel.com\/de\/wp-content\/uploads\/sites\/2\/2019\/01\/Logo-MINEIRO-neu-1-e1548679081582.png\",\"width\":200,\"height\":110,\"caption\":\"Brasil Capoeira Biel\/Bienne\"},\"image\":{\"@id\":\"https:\/\/brasilcapoeira-biel.com\/de\/#logo\"}},{\"@type\":\"WebSite\",\"@id\":\"https:\/\/brasilcapoeira-biel.com\/de\/#website\",\"url\":\"https:\/\/brasilcapoeira-biel.com\/de\/\",\"name\":\"Brasil Capoeira Biel\/Bienne\",\"description\":\"\",\"publisher\":{\"@id\":\"https:\/\/brasilcapoeira-biel.com\/de\/#organization\"},\"potentialAction\":[{\"@type\":\"SearchAction\",\"target\":\"https:\/\/brasilcapoeira-biel.com\/de\/?s={search_term_string}\",\"query-input\":\"required name=search_term_string\"}],\"inLanguage\":\"de\"},{\"@type\":\"ImageObject\",\"@id\":\"https:\/\/brasilcapoeira-biel.com\/de\/events\/#primaryimage\",\"inLanguage\":\"de\",\"url\":\"https:\/\/brasilcapoeira-biel.com\/de\/wp-content\/uploads\/sites\/2\/2025\/06\/IMG_5461_group-heller-2048x1059.jpeg\",\"contentUrl\":\"https:\/\/brasilcapoeira-biel.com\/de\/wp-content\/uploads\/sites\/2\/2025\/06\/IMG_5461_group-heller-2048x1059.jpeg\"},{\"@type\":\"WebPage\",\"@id\":\"https:\/\/brasilcapoeira-biel.com\/de\/events\/#webpage\",\"url\":\"https:\/\/brasilcapoeira-biel.com\/de\/events\/\",\"name\":\"Capoeira-Events in Biel \\u2013 Eintauchen in die brasilianische Kultur\",\"isPartOf\":{\"@id\":\"https:\/\/brasilcapoeira-biel.com\/de\/#website\"},\"primaryImageOfPage\":{\"@id\":\"https:\/\/brasilcapoeira-biel.com\/de\/events\/#primaryimage\"},\"datePublished\":\"2019-08-09T11:50:51+00:00\",\"dateModified\":\"2025-09-10T09:55:24+00:00\",\"description\":\"Entdecken Sie unsere Capoeira-Events in Biel! Erleben Sie unvergessliche Momente voller Musik, Tanz und brasilianischer Kampfkunst. Jetzt mitmachen!\",\"breadcrumb\":{\"@id\":\"https:\/\/brasilcapoeira-biel.com\/de\/events\/#breadcrumb\"},\"inLanguage\":\"de\",\"potentialAction\":[{\"@type\":\"ReadAction\",\"target\":[\"https:\/\/brasilcapoeira-biel.com\/de\/events\/\"]}]},{\"@type\":\"BreadcrumbList\",\"@id\":\"https:\/\/brasilcapoeira-biel.com\/de\/events\/#breadcrumb\",\"itemListElement\":[{\"@type\":\"ListItem\",\"position\":1,\"item\":{\"@type\":\"WebPage\",\"@id\":\"https:\/\/brasilcapoeira-biel.com\/de\/\",\"url\":\"https:\/\/brasilcapoeira-biel.com\/de\/\",\"name\":\"Startseite\"}},{\"@type\":\"ListItem\",\"position\":2,\"item\":{\"@id\":\"https:\/\/brasilcapoeira-biel.com\/de\/events\/#webpage\"}}]}]}<\/script>\n<!-- \/ Yoast SEO plugin. -->","_links":{"self":[{"href":"https:\/\/brasilcapoeira-biel.com\/de\/wp-json\/wp\/v2\/pages\/342","targetHints":{"allow":["GET"]}}],"collection":[{"href":"https:\/\/brasilcapoeira-biel.com\/de\/wp-json\/wp\/v2\/pages"}],"about":[{"href":"https:\/\/brasilcapoeira-biel.com\/de\/wp-json\/wp\/v2\/types\/page"}],"author":[{"embeddable":true,"href":"https:\/\/brasilcapoeira-biel.com\/de\/wp-json\/wp\/v2\/users\/1"}],"replies":[{"embeddable":true,"href":"https:\/\/brasilcapoeira-biel.com\/de\/wp-json\/wp\/v2\/comments?post=342"}],"version-history":[{"count":14,"href":"https:\/\/brasilcapoeira-biel.com\/de\/wp-json\/wp\/v2\/pages\/342\/revisions"}],"predecessor-version":[{"id":1190,"href":"https:\/\/brasilcapoeira-biel.com\/de\/wp-json\/wp\/v2\/pages\/342\/revisions\/1190"}],"wp:attachment":[{"href":"https:\/\/brasilcapoeira-biel.com\/de\/wp-json\/wp\/v2\/media?parent=342"}],"curies":[{"name":"wp","href":"https:\/\/api.w.org\/{rel}","templated":true}]}}