{"id":54,"date":"2019-01-30T11:05:52","date_gmt":"2019-01-30T10:05:52","guid":{"rendered":"https:\/\/brasilcapoeira-biel.com\/de\/?page_id=54"},"modified":"2022-06-24T13:24:54","modified_gmt":"2022-06-24T11:24:54","slug":"brasilcapoeira","status":"publish","type":"page","link":"https:\/\/brasilcapoeira-biel.com\/de\/brasilcapoeira\/","title":{"rendered":"Brasil Capoeira Schule"},"content":{"rendered":"<h1>Capoeira<\/h1>\n<p>Capoeira entstand in der Zeit der Sklaverei in Brasilien.<br \/>\nDen Sklaven war es untersagt eine Kampfkunst auszu\u00fcben, da es ihren Widerstand gegen die Aufseher und Sklavenj\u00e4ger (Capit\u00e3o do mato) verst\u00e4rken w\u00fcrde. Aus diesem Grund tarnten die Sklaven ihre Kampfpraktiken hinter Musik und Tanz. Zusammen mit der im Urwald gewonnenen Lebens- und \u00dcberlebensphilosophie entstand daraus die Capoeira.<img fetchpriority=\"high\" decoding=\"async\" class=\"alignright wp-image-38 size-medium\" src=\"https:\/\/www.movido.ch\/wp-content\/uploads\/DSC_0165-300x199.jpg\" alt=\"Capoeira Roda\" width=\"300\" height=\"199\" \/><br \/>\nAllerdings wurde auch die Aus\u00fcbung des Tanz des Krieges, wie Capoeira auch genannt wurde, per Gesetz verboten.<br \/>\nErst in den 1930er Jahren, 40 Jahre nach der Abschaffung der Sklaverei (1888), wurde Capoeira legalisiert.<\/p>\n<p>Heutzutage ist Capoeira auf der ganzen Welt verbreitet und erntet durch ihre Einzigartigkeit von Kampf mit Akrobatik und Musik viel Bewunderung und Anerkennung. 2014 wurde Capoeira von der UNESCO zu offiziellem Kulturerbe Brasiliens erkl\u00e4rt.<\/p>\n<h3>Brasil Capoeira Schule<\/h3>\n<p>Am 12. Mai 1985 gr\u00fcndete Mestre Matias die Asso\u00e7ia\u00e7\u00e3o Brasil Capoeira in Curvelo, Minas Gerais, Brasilien. Vier Jahre sp\u00e4ter, als Mestre Matias sich in der Schweiz niederliess, entstand daraus die Brasil Capoeira Schule.<br \/>\nNoch heute f\u00fchrt Mestre Matias die Brasil Capoeira Schule von Bern aus, wo sich der Hauptsitz der Schule befindet. Die von Mestre Matias ausgebildeten Lehrer und Lehrerinnen er\u00f6ffneten im Laufe der Zeit Filialen in Europa und Brasilien. In Biel\/Bienne wurde die Filiale im Jahr 2012 von Mestrando Mineiro er\u00f6ffnet. Momentan ist die Brasil Capoeira Schule in Bern, Basel, Biel\/Bienne, B\u00fcmpliz, D\u00fcdingen, Murten, M\u00fcnchenbuchsee, Oberwil, Berlin (DE), Curvelo (BR), Inimutaba (BR) und Tr\u00eas Marias (BR) anzutreffen (Stand 2022).<\/p>\n<p>Erfahre mehr \u00fcber <a href=\"https:\/\/brasilcapoeira-biel.com\/de\/brasilcapoeira\/mestrematias\/\">Mestre Matias<\/a>\u2026 <a href=\"https:\/\/brasilcapoeira-biel.com\/de\/brasilcapoeira\/mineiro\/\">Mestrando Mineiro<\/a>\u2026 <a href=\"https:\/\/brasilcapoeira-biel.com\/de\/kurse\/\">Unseren Unterricht<\/a>\u2026 <a href=\"https:\/\/brasilcapoeira-biel.com\/de\/brasilcapoeira\/gurtsystem\/\">Unser Gurtsystem<\/a>\u2026<\/p>\n","protected":false},"excerpt":{"rendered":"<p>Capoeira Capoeira entstand in der Zeit der Sklaverei in Brasilien. Den Sklaven war es untersagt eine Kampfkunst auszu\u00fcben, da es ihren Widerstand gegen die Aufseher und Sklavenj\u00e4ger (Capit\u00e3o do mato) verst\u00e4rken w\u00fcrde. Aus diesem Grund tarnten die Sklaven ihre Kampfpraktiken hinter Musik und Tanz. Zusammen mit der im Urwald gewonnenen Lebens- und \u00dcberlebensphilosophie entstand daraus [&hellip;]<\/p>\n","protected":false},"author":1,"featured_media":0,"parent":0,"menu_order":0,"comment_status":"closed","ping_status":"closed","template":"","meta":{"ocean_post_layout":"","ocean_both_sidebars_style":"","ocean_both_sidebars_content_width":0,"ocean_both_sidebars_sidebars_width":0,"ocean_sidebar":"","ocean_second_sidebar":"","ocean_disable_margins":"enable","ocean_add_body_class":"","ocean_shortcode_before_top_bar":"","ocean_shortcode_after_top_bar":"","ocean_shortcode_before_header":"","ocean_shortcode_after_header":"","ocean_has_shortcode":"","ocean_shortcode_after_title":"","ocean_shortcode_before_footer_widgets":"","ocean_shortcode_after_footer_widgets":"","ocean_shortcode_before_footer_bottom":"","ocean_shortcode_after_footer_bottom":"","ocean_display_top_bar":"default","ocean_display_header":"default","ocean_header_style":"","ocean_center_header_left_menu":"","ocean_custom_header_template":"","ocean_custom_logo":0,"ocean_custom_retina_logo":0,"ocean_custom_logo_max_width":0,"ocean_custom_logo_tablet_max_width":0,"ocean_custom_logo_mobile_max_width":0,"ocean_custom_logo_max_height":0,"ocean_custom_logo_tablet_max_height":0,"ocean_custom_logo_mobile_max_height":0,"ocean_header_custom_menu":"","ocean_menu_typo_font_family":"","ocean_menu_typo_font_subset":"","ocean_menu_typo_font_size":0,"ocean_menu_typo_font_size_tablet":0,"ocean_menu_typo_font_size_mobile":0,"ocean_menu_typo_font_size_unit":"px","ocean_menu_typo_font_weight":"","ocean_menu_typo_font_weight_tablet":"","ocean_menu_typo_font_weight_mobile":"","ocean_menu_typo_transform":"","ocean_menu_typo_transform_tablet":"","ocean_menu_typo_transform_mobile":"","ocean_menu_typo_line_height":0,"ocean_menu_typo_line_height_tablet":0,"ocean_menu_typo_line_height_mobile":0,"ocean_menu_typo_line_height_unit":"","ocean_menu_typo_spacing":0,"ocean_menu_typo_spacing_tablet":0,"ocean_menu_typo_spacing_mobile":0,"ocean_menu_typo_spacing_unit":"","ocean_menu_link_color":"","ocean_menu_link_color_hover":"","ocean_menu_link_color_active":"","ocean_menu_link_background":"","ocean_menu_link_hover_background":"","ocean_menu_link_active_background":"","ocean_menu_social_links_bg":"","ocean_menu_social_hover_links_bg":"","ocean_menu_social_links_color":"","ocean_menu_social_hover_links_color":"","ocean_disable_title":"default","ocean_disable_heading":"default","ocean_post_title":"","ocean_post_subheading":"","ocean_post_title_style":"","ocean_post_title_background_color":"","ocean_post_title_background":0,"ocean_post_title_bg_image_position":"","ocean_post_title_bg_image_attachment":"","ocean_post_title_bg_image_repeat":"","ocean_post_title_bg_image_size":"","ocean_post_title_height":0,"ocean_post_title_bg_overlay":0.5,"ocean_post_title_bg_overlay_color":"","ocean_disable_breadcrumbs":"default","ocean_breadcrumbs_color":"","ocean_breadcrumbs_separator_color":"","ocean_breadcrumbs_links_color":"","ocean_breadcrumbs_links_hover_color":"","ocean_display_footer_widgets":"default","ocean_display_footer_bottom":"default","ocean_custom_footer_template":"","footnotes":""},"class_list":["post-54","page","type-page","status-publish","hentry","entry"],"yoast_head":"<!-- This site is optimized with the Yoast SEO plugin v16.2 - https:\/\/yoast.com\/wordpress\/plugins\/seo\/ -->\n<title>Brasil Capoeira Schule &raquo;<\/title>\n<meta name=\"description\" content=\"Diese Website informiert \u00fcber die Geschichte der Capoeira, die Gruppe Brasil Capoeira in Biel\/Bienne, sowie \u00fcber Capoeira Events, Workshops und Shows.\" \/>\n<meta name=\"robots\" content=\"index, follow, max-snippet:-1, max-image-preview:large, max-video-preview:-1\" \/>\n<link rel=\"canonical\" href=\"https:\/\/brasilcapoeira-biel.com\/de\/brasilcapoeira\/\" \/>\n<meta property=\"og:locale\" content=\"de_DE\" \/>\n<meta property=\"og:type\" content=\"article\" \/>\n<meta property=\"og:title\" content=\"Brasil Capoeira Schule &raquo;\" \/>\n<meta property=\"og:description\" content=\"Diese Website informiert \u00fcber die Geschichte der Capoeira, die Gruppe Brasil Capoeira in Biel\/Bienne, sowie \u00fcber Capoeira Events, Workshops und Shows.\" \/>\n<meta property=\"og:url\" content=\"https:\/\/brasilcapoeira-biel.com\/de\/brasilcapoeira\/\" \/>\n<meta property=\"article:publisher\" content=\"https:\/\/www.facebook.com\/brasilcapoeirabienne\/\" \/>\n<meta property=\"article:modified_time\" content=\"2022-06-24T11:24:54+00:00\" \/>\n<meta property=\"og:image\" content=\"https:\/\/www.movido.ch\/wp-content\/uploads\/DSC_0165-300x199.jpg\" \/>\n<meta name=\"twitter:card\" content=\"summary_large_image\" \/>\n<meta name=\"twitter:label1\" content=\"Gesch\u00e4tzte Lesezeit\">\n\t<meta name=\"twitter:data1\" content=\"2\u00a0Minuten\">\n<script type=\"application\/ld+json\" class=\"yoast-schema-graph\">{\"@context\":\"https:\/\/schema.org\",\"@graph\":[{\"@type\":\"Organization\",\"@id\":\"https:\/\/brasilcapoeira-biel.com\/de\/#organization\",\"name\":\"Brasil Capoeira Biel\/Bienne\",\"url\":\"https:\/\/brasilcapoeira-biel.com\/de\/\",\"sameAs\":[\"https:\/\/www.facebook.com\/brasilcapoeirabienne\/\",\"https:\/\/www.instagram.com\/brasilcapoeira.bielbienne\/\",\"https:\/\/www.youtube.com\/user\/ABCapoeiraMineiro\/\"],\"logo\":{\"@type\":\"ImageObject\",\"@id\":\"https:\/\/brasilcapoeira-biel.com\/de\/#logo\",\"inLanguage\":\"de\",\"url\":\"https:\/\/brasilcapoeira-biel.com\/de\/wp-content\/uploads\/sites\/2\/2019\/01\/Logo-MINEIRO-neu-1-e1548679081582.png\",\"contentUrl\":\"https:\/\/brasilcapoeira-biel.com\/de\/wp-content\/uploads\/sites\/2\/2019\/01\/Logo-MINEIRO-neu-1-e1548679081582.png\",\"width\":200,\"height\":110,\"caption\":\"Brasil Capoeira Biel\/Bienne\"},\"image\":{\"@id\":\"https:\/\/brasilcapoeira-biel.com\/de\/#logo\"}},{\"@type\":\"WebSite\",\"@id\":\"https:\/\/brasilcapoeira-biel.com\/de\/#website\",\"url\":\"https:\/\/brasilcapoeira-biel.com\/de\/\",\"name\":\"Brasil Capoeira Biel\/Bienne\",\"description\":\"\",\"publisher\":{\"@id\":\"https:\/\/brasilcapoeira-biel.com\/de\/#organization\"},\"potentialAction\":[{\"@type\":\"SearchAction\",\"target\":\"https:\/\/brasilcapoeira-biel.com\/de\/?s={search_term_string}\",\"query-input\":\"required name=search_term_string\"}],\"inLanguage\":\"de\"},{\"@type\":\"ImageObject\",\"@id\":\"https:\/\/brasilcapoeira-biel.com\/de\/brasilcapoeira\/#primaryimage\",\"inLanguage\":\"de\",\"url\":\"https:\/\/www.movido.ch\/wp-content\/uploads\/DSC_0165-300x199.jpg\",\"contentUrl\":\"https:\/\/www.movido.ch\/wp-content\/uploads\/DSC_0165-300x199.jpg\"},{\"@type\":\"WebPage\",\"@id\":\"https:\/\/brasilcapoeira-biel.com\/de\/brasilcapoeira\/#webpage\",\"url\":\"https:\/\/brasilcapoeira-biel.com\/de\/brasilcapoeira\/\",\"name\":\"Brasil Capoeira Schule &raquo;\",\"isPartOf\":{\"@id\":\"https:\/\/brasilcapoeira-biel.com\/de\/#website\"},\"primaryImageOfPage\":{\"@id\":\"https:\/\/brasilcapoeira-biel.com\/de\/brasilcapoeira\/#primaryimage\"},\"datePublished\":\"2019-01-30T10:05:52+00:00\",\"dateModified\":\"2022-06-24T11:24:54+00:00\",\"description\":\"Diese Website informiert \\u00fcber die Geschichte der Capoeira, die Gruppe Brasil Capoeira in Biel\/Bienne, sowie \\u00fcber Capoeira Events, Workshops und Shows.\",\"breadcrumb\":{\"@id\":\"https:\/\/brasilcapoeira-biel.com\/de\/brasilcapoeira\/#breadcrumb\"},\"inLanguage\":\"de\",\"potentialAction\":[{\"@type\":\"ReadAction\",\"target\":[\"https:\/\/brasilcapoeira-biel.com\/de\/brasilcapoeira\/\"]}]},{\"@type\":\"BreadcrumbList\",\"@id\":\"https:\/\/brasilcapoeira-biel.com\/de\/brasilcapoeira\/#breadcrumb\",\"itemListElement\":[{\"@type\":\"ListItem\",\"position\":1,\"item\":{\"@type\":\"WebPage\",\"@id\":\"https:\/\/brasilcapoeira-biel.com\/de\/\",\"url\":\"https:\/\/brasilcapoeira-biel.com\/de\/\",\"name\":\"Startseite\"}},{\"@type\":\"ListItem\",\"position\":2,\"item\":{\"@id\":\"https:\/\/brasilcapoeira-biel.com\/de\/brasilcapoeira\/#webpage\"}}]}]}<\/script>\n<!-- \/ Yoast SEO plugin. -->","_links":{"self":[{"href":"https:\/\/brasilcapoeira-biel.com\/de\/wp-json\/wp\/v2\/pages\/54","targetHints":{"allow":["GET"]}}],"collection":[{"href":"https:\/\/brasilcapoeira-biel.com\/de\/wp-json\/wp\/v2\/pages"}],"about":[{"href":"https:\/\/brasilcapoeira-biel.com\/de\/wp-json\/wp\/v2\/types\/page"}],"author":[{"embeddable":true,"href":"https:\/\/brasilcapoeira-biel.com\/de\/wp-json\/wp\/v2\/users\/1"}],"replies":[{"embeddable":true,"href":"https:\/\/brasilcapoeira-biel.com\/de\/wp-json\/wp\/v2\/comments?post=54"}],"version-history":[{"count":6,"href":"https:\/\/brasilcapoeira-biel.com\/de\/wp-json\/wp\/v2\/pages\/54\/revisions"}],"predecessor-version":[{"id":771,"href":"https:\/\/brasilcapoeira-biel.com\/de\/wp-json\/wp\/v2\/pages\/54\/revisions\/771"}],"wp:attachment":[{"href":"https:\/\/brasilcapoeira-biel.com\/de\/wp-json\/wp\/v2\/media?parent=54"}],"curies":[{"name":"wp","href":"https:\/\/api.w.org\/{rel}","templated":true}]}}