{"id":57,"date":"2019-06-03T15:03:31","date_gmt":"2019-06-03T13:03:31","guid":{"rendered":"https:\/\/brasilcapoeira-biel.com\/de\/?page_id=57"},"modified":"2022-06-24T14:44:53","modified_gmt":"2022-06-24T12:44:53","slug":"mineiro","status":"publish","type":"page","link":"https:\/\/brasilcapoeira-biel.com\/de\/brasilcapoeira\/mineiro\/","title":{"rendered":"Mestrando Mineiro"},"content":{"rendered":"\n<div class=\"wp-block-image\"><figure class=\"alignleft is-resized\"><img decoding=\"async\" src=\"https:\/\/www.movido.ch\/wp-content\/uploads\/janko-146x150.jpg\" alt=\"\" class=\"wp-image-44\" width=\"139\" height=\"143\"\/><figcaption>&#8220;Mineiro&#8221; &#8211; Janko Mathias Richter Lopes<\/figcaption><\/figure><\/div>\n\n\n\n<p>Janko Mathias Richter Lopes, mit Capoeiranamen &#8220;Mineiro&#8221; wurde am 4.7.1992 in Bern geboren. Als Sohn von zwei Capoeiristas, Anja Katinka Richter und Manoel Matias Lopes, war er von Anfang an in die Welt der Capoeira involviert.<br>Durch seinen Vater, dem Gr\u00fcnder der Associa\u00e7\u00e3o Brasil Capoeira, hatte er bereits als Kind die M\u00f6glichkeit, viele verschiedene Events in Europa und in Brasilien zu besuchen, an diesen zu trainieren und viele Mestres und Professores kennenzulernen.<\/p>\n\n\n\n<p>Seit seinem 7. Lebensjahr assistierte er Mestre Matias bei Workshops an Grund- und Mittelschulen und im Unterricht der Brasil Capoeira Schule. Seit einigen Jahren unterrichtet er in Bern regelm\u00e4ssig am Mittwoch Abend.<\/p>\n\n\n\n<div class=\"wp-block-image\"><figure class=\"alignright is-resized\"><img fetchpriority=\"high\" decoding=\"async\" src=\"https:\/\/brasilcapoeira-biel.com\/de\/wp-content\/uploads\/sites\/2\/2019\/07\/DSC0065-683x1024.jpg\" alt=\"\" class=\"wp-image-101\" width=\"222\" height=\"332\" srcset=\"https:\/\/brasilcapoeira-biel.com\/de\/wp-content\/uploads\/sites\/2\/2019\/07\/DSC0065-683x1024.jpg 683w, https:\/\/brasilcapoeira-biel.com\/de\/wp-content\/uploads\/sites\/2\/2019\/07\/DSC0065-200x300.jpg 200w, https:\/\/brasilcapoeira-biel.com\/de\/wp-content\/uploads\/sites\/2\/2019\/07\/DSC0065-768x1151.jpg 768w, https:\/\/brasilcapoeira-biel.com\/de\/wp-content\/uploads\/sites\/2\/2019\/07\/DSC0065.jpg 1334w\" sizes=\"(max-width: 222px) 100vw, 222px\" \/><figcaption>Mestrando Mineiro, Fotoshooting 2017, Foto by Christoph K\u00e4ser<\/figcaption><\/figure><\/div>\n\n\n\n<p>Mineiro unterrichtet in Biel\/Bienne seit 2012 Capoeira f\u00fcr Kinder und Erwachsene. Im Juni 2016 erhielt er den Capoeiratitel Professor und im Jahr 2017 schloss er seine Ausbildung zum Primarlehrer an der P\u00e4dagogischen Hochschule in Bern ab.<\/p>\n\n\n\n<p>Nach ein paar Jahren mit einem kleinen Pensum an einer Bieler Primarschule gibt Mineiro 2021 die T\u00e4tigkeit an der Primarschule auf, um sich voll und ganz der Capoeira Schule hinzugeben. Zus\u00e4tzlich zu den w\u00f6chentlichen Kursen, f\u00fchrt er Workshops f\u00fcr Schulen, Firmen und \u00e4hnliche Institutionen durch und organisiert Shows f\u00fcr kleine und grosse B\u00fchnen im Seeland und in der Schweiz.<br>Im Jahr 2022 erhielt er den Capoeiratitel Mestrando von seinem Mestre, Mestre Matias.<\/p>\n\n\n\n<p>Andere Ausbildungen im Bereich Sport: J&amp;S Leiter, J&amp;S Coach, Samariter, Rettungsschwimmer<\/p>\n\n\n\n<h3 class=\"wp-block-heading\">Kontakt<\/h3>\n\n\n\n<p>Mestrando Mineiro (Janko Richter)<br>Brasil Capoeira Biel\/Bienne<br>Telefon: +41 77 438 74 34<br><a href=\"mailto: bc-mineiro@hotmail.com\">E-Mail:<\/a> bc-mineiro@hotmail.com<br><a href=\"https:\/\/www.facebook.com\/bc.mineiro\" target=\"_blank\" rel=\"noopener noreferrer\">Facebook<\/a>: www.facebook.com\/bc.mineiro<br><a href=\"https:\/\/www.instagram.com\/bc.mineiro\/\" target=\"_blank\" rel=\"noreferrer noopener\">Instagram<\/a>: www.instagram.com\/bc.mineiro<\/p>\n\n\n\n<div style=\"height:27px\" aria-hidden=\"true\" class=\"wp-block-spacer\"><\/div>\n\n\n\n<figure class=\"wp-block-image alignwide\"><img decoding=\"async\" width=\"1024\" height=\"683\" src=\"https:\/\/brasilcapoeira-biel.com\/de\/wp-content\/uploads\/sites\/2\/2019\/07\/DSC2867-Kopie-1024x683.jpg\" alt=\"\" class=\"wp-image-102\" srcset=\"https:\/\/brasilcapoeira-biel.com\/de\/wp-content\/uploads\/sites\/2\/2019\/07\/DSC2867-Kopie-1024x683.jpg 1024w, https:\/\/brasilcapoeira-biel.com\/de\/wp-content\/uploads\/sites\/2\/2019\/07\/DSC2867-Kopie-300x200.jpg 300w, https:\/\/brasilcapoeira-biel.com\/de\/wp-content\/uploads\/sites\/2\/2019\/07\/DSC2867-Kopie-768x512.jpg 768w, https:\/\/brasilcapoeira-biel.com\/de\/wp-content\/uploads\/sites\/2\/2019\/07\/DSC2867-Kopie.jpg 1080w\" sizes=\"(max-width: 1024px) 100vw, 1024px\" \/><figcaption>Mestrando Mineiro, Fotoshooting 2019, Foto by Christoph K\u00e4ser<\/figcaption><\/figure>\n","protected":false},"excerpt":{"rendered":"<p>Janko Mathias Richter Lopes, mit Capoeiranamen &#8220;Mineiro&#8221; wurde am 4.7.1992 in Bern geboren. Als Sohn von zwei Capoeiristas, Anja Katinka Richter und Manoel Matias Lopes, war er von Anfang an in die Welt der Capoeira involviert.Durch seinen Vater, dem Gr\u00fcnder der Associa\u00e7\u00e3o Brasil Capoeira, hatte er bereits als Kind die M\u00f6glichkeit, viele verschiedene Events in [&hellip;]<\/p>\n","protected":false},"author":1,"featured_media":0,"parent":54,"menu_order":0,"comment_status":"closed","ping_status":"closed","template":"","meta":{"ocean_post_layout":"","ocean_both_sidebars_style":"","ocean_both_sidebars_content_width":0,"ocean_both_sidebars_sidebars_width":0,"ocean_sidebar":"","ocean_second_sidebar":"","ocean_disable_margins":"enable","ocean_add_body_class":"","ocean_shortcode_before_top_bar":"","ocean_shortcode_after_top_bar":"","ocean_shortcode_before_header":"","ocean_shortcode_after_header":"","ocean_has_shortcode":"","ocean_shortcode_after_title":"","ocean_shortcode_before_footer_widgets":"","ocean_shortcode_after_footer_widgets":"","ocean_shortcode_before_footer_bottom":"","ocean_shortcode_after_footer_bottom":"","ocean_display_top_bar":"default","ocean_display_header":"default","ocean_header_style":"","ocean_center_header_left_menu":"","ocean_custom_header_template":"","ocean_custom_logo":0,"ocean_custom_retina_logo":0,"ocean_custom_logo_max_width":0,"ocean_custom_logo_tablet_max_width":0,"ocean_custom_logo_mobile_max_width":0,"ocean_custom_logo_max_height":0,"ocean_custom_logo_tablet_max_height":0,"ocean_custom_logo_mobile_max_height":0,"ocean_header_custom_menu":"","ocean_menu_typo_font_family":"","ocean_menu_typo_font_subset":"","ocean_menu_typo_font_size":0,"ocean_menu_typo_font_size_tablet":0,"ocean_menu_typo_font_size_mobile":0,"ocean_menu_typo_font_size_unit":"px","ocean_menu_typo_font_weight":"","ocean_menu_typo_font_weight_tablet":"","ocean_menu_typo_font_weight_mobile":"","ocean_menu_typo_transform":"","ocean_menu_typo_transform_tablet":"","ocean_menu_typo_transform_mobile":"","ocean_menu_typo_line_height":0,"ocean_menu_typo_line_height_tablet":0,"ocean_menu_typo_line_height_mobile":0,"ocean_menu_typo_line_height_unit":"","ocean_menu_typo_spacing":0,"ocean_menu_typo_spacing_tablet":0,"ocean_menu_typo_spacing_mobile":0,"ocean_menu_typo_spacing_unit":"","ocean_menu_link_color":"","ocean_menu_link_color_hover":"","ocean_menu_link_color_active":"","ocean_menu_link_background":"","ocean_menu_link_hover_background":"","ocean_menu_link_active_background":"","ocean_menu_social_links_bg":"","ocean_menu_social_hover_links_bg":"","ocean_menu_social_links_color":"","ocean_menu_social_hover_links_color":"","ocean_disable_title":"default","ocean_disable_heading":"default","ocean_post_title":"","ocean_post_subheading":"","ocean_post_title_style":"","ocean_post_title_background_color":"","ocean_post_title_background":0,"ocean_post_title_bg_image_position":"","ocean_post_title_bg_image_attachment":"","ocean_post_title_bg_image_repeat":"","ocean_post_title_bg_image_size":"","ocean_post_title_height":0,"ocean_post_title_bg_overlay":0.5,"ocean_post_title_bg_overlay_color":"","ocean_disable_breadcrumbs":"default","ocean_breadcrumbs_color":"","ocean_breadcrumbs_separator_color":"","ocean_breadcrumbs_links_color":"","ocean_breadcrumbs_links_hover_color":"","ocean_display_footer_widgets":"default","ocean_display_footer_bottom":"default","ocean_custom_footer_template":"","footnotes":""},"class_list":["post-57","page","type-page","status-publish","hentry","entry"],"yoast_head":"<!-- This site is optimized with the Yoast SEO plugin v16.2 - https:\/\/yoast.com\/wordpress\/plugins\/seo\/ -->\n<title>Mestrando Mineiro &raquo;<\/title>\n<meta name=\"description\" content=\"Professor Mineiro unterrichtet Capoeira in Biel\/Bienne und realisiert Projekte, Workshops und Shows im Seeland und im Kanton Bern.\" \/>\n<meta name=\"robots\" content=\"index, follow, max-snippet:-1, max-image-preview:large, max-video-preview:-1\" \/>\n<link rel=\"canonical\" href=\"https:\/\/brasilcapoeira-biel.com\/de\/brasilcapoeira\/mineiro\/\" \/>\n<meta property=\"og:locale\" content=\"de_DE\" \/>\n<meta property=\"og:type\" content=\"article\" \/>\n<meta property=\"og:title\" content=\"Mestrando Mineiro &raquo;\" \/>\n<meta property=\"og:description\" content=\"Professor Mineiro unterrichtet Capoeira in Biel\/Bienne und realisiert Projekte, Workshops und Shows im Seeland und im Kanton Bern.\" \/>\n<meta property=\"og:url\" content=\"https:\/\/brasilcapoeira-biel.com\/de\/brasilcapoeira\/mineiro\/\" \/>\n<meta property=\"article:publisher\" content=\"https:\/\/www.facebook.com\/brasilcapoeirabienne\/\" \/>\n<meta property=\"article:modified_time\" content=\"2022-06-24T12:44:53+00:00\" \/>\n<meta property=\"og:image\" content=\"https:\/\/www.movido.ch\/wp-content\/uploads\/janko-146x150.jpg\" \/>\n<meta name=\"twitter:card\" content=\"summary_large_image\" \/>\n<meta name=\"twitter:label1\" content=\"Gesch\u00e4tzte Lesezeit\">\n\t<meta name=\"twitter:data1\" content=\"2\u00a0Minuten\">\n<script type=\"application\/ld+json\" class=\"yoast-schema-graph\">{\"@context\":\"https:\/\/schema.org\",\"@graph\":[{\"@type\":\"Organization\",\"@id\":\"https:\/\/brasilcapoeira-biel.com\/de\/#organization\",\"name\":\"Brasil Capoeira Biel\/Bienne\",\"url\":\"https:\/\/brasilcapoeira-biel.com\/de\/\",\"sameAs\":[\"https:\/\/www.facebook.com\/brasilcapoeirabienne\/\",\"https:\/\/www.instagram.com\/brasilcapoeira.bielbienne\/\",\"https:\/\/www.youtube.com\/user\/ABCapoeiraMineiro\/\"],\"logo\":{\"@type\":\"ImageObject\",\"@id\":\"https:\/\/brasilcapoeira-biel.com\/de\/#logo\",\"inLanguage\":\"de\",\"url\":\"https:\/\/brasilcapoeira-biel.com\/de\/wp-content\/uploads\/sites\/2\/2019\/01\/Logo-MINEIRO-neu-1-e1548679081582.png\",\"contentUrl\":\"https:\/\/brasilcapoeira-biel.com\/de\/wp-content\/uploads\/sites\/2\/2019\/01\/Logo-MINEIRO-neu-1-e1548679081582.png\",\"width\":200,\"height\":110,\"caption\":\"Brasil Capoeira Biel\/Bienne\"},\"image\":{\"@id\":\"https:\/\/brasilcapoeira-biel.com\/de\/#logo\"}},{\"@type\":\"WebSite\",\"@id\":\"https:\/\/brasilcapoeira-biel.com\/de\/#website\",\"url\":\"https:\/\/brasilcapoeira-biel.com\/de\/\",\"name\":\"Brasil Capoeira Biel\/Bienne\",\"description\":\"\",\"publisher\":{\"@id\":\"https:\/\/brasilcapoeira-biel.com\/de\/#organization\"},\"potentialAction\":[{\"@type\":\"SearchAction\",\"target\":\"https:\/\/brasilcapoeira-biel.com\/de\/?s={search_term_string}\",\"query-input\":\"required name=search_term_string\"}],\"inLanguage\":\"de\"},{\"@type\":\"ImageObject\",\"@id\":\"https:\/\/brasilcapoeira-biel.com\/de\/brasilcapoeira\/mineiro\/#primaryimage\",\"inLanguage\":\"de\",\"url\":\"https:\/\/www.movido.ch\/wp-content\/uploads\/janko-146x150.jpg\",\"contentUrl\":\"https:\/\/www.movido.ch\/wp-content\/uploads\/janko-146x150.jpg\"},{\"@type\":\"WebPage\",\"@id\":\"https:\/\/brasilcapoeira-biel.com\/de\/brasilcapoeira\/mineiro\/#webpage\",\"url\":\"https:\/\/brasilcapoeira-biel.com\/de\/brasilcapoeira\/mineiro\/\",\"name\":\"Mestrando Mineiro &raquo;\",\"isPartOf\":{\"@id\":\"https:\/\/brasilcapoeira-biel.com\/de\/#website\"},\"primaryImageOfPage\":{\"@id\":\"https:\/\/brasilcapoeira-biel.com\/de\/brasilcapoeira\/mineiro\/#primaryimage\"},\"datePublished\":\"2019-06-03T13:03:31+00:00\",\"dateModified\":\"2022-06-24T12:44:53+00:00\",\"description\":\"Professor Mineiro unterrichtet Capoeira in Biel\/Bienne und realisiert Projekte, Workshops und Shows im Seeland und im Kanton Bern.\",\"breadcrumb\":{\"@id\":\"https:\/\/brasilcapoeira-biel.com\/de\/brasilcapoeira\/mineiro\/#breadcrumb\"},\"inLanguage\":\"de\",\"potentialAction\":[{\"@type\":\"ReadAction\",\"target\":[\"https:\/\/brasilcapoeira-biel.com\/de\/brasilcapoeira\/mineiro\/\"]}]},{\"@type\":\"BreadcrumbList\",\"@id\":\"https:\/\/brasilcapoeira-biel.com\/de\/brasilcapoeira\/mineiro\/#breadcrumb\",\"itemListElement\":[{\"@type\":\"ListItem\",\"position\":1,\"item\":{\"@type\":\"WebPage\",\"@id\":\"https:\/\/brasilcapoeira-biel.com\/de\/\",\"url\":\"https:\/\/brasilcapoeira-biel.com\/de\/\",\"name\":\"Startseite\"}},{\"@type\":\"ListItem\",\"position\":2,\"item\":{\"@type\":\"WebPage\",\"@id\":\"https:\/\/brasilcapoeira-biel.com\/de\/brasilcapoeira\/\",\"url\":\"https:\/\/brasilcapoeira-biel.com\/de\/brasilcapoeira\/\",\"name\":\"Brasil Capoeira Schule\"}},{\"@type\":\"ListItem\",\"position\":3,\"item\":{\"@id\":\"https:\/\/brasilcapoeira-biel.com\/de\/brasilcapoeira\/mineiro\/#webpage\"}}]}]}<\/script>\n<!-- \/ Yoast SEO plugin. -->","_links":{"self":[{"href":"https:\/\/brasilcapoeira-biel.com\/de\/wp-json\/wp\/v2\/pages\/57","targetHints":{"allow":["GET"]}}],"collection":[{"href":"https:\/\/brasilcapoeira-biel.com\/de\/wp-json\/wp\/v2\/pages"}],"about":[{"href":"https:\/\/brasilcapoeira-biel.com\/de\/wp-json\/wp\/v2\/types\/page"}],"author":[{"embeddable":true,"href":"https:\/\/brasilcapoeira-biel.com\/de\/wp-json\/wp\/v2\/users\/1"}],"replies":[{"embeddable":true,"href":"https:\/\/brasilcapoeira-biel.com\/de\/wp-json\/wp\/v2\/comments?post=57"}],"version-history":[{"count":10,"href":"https:\/\/brasilcapoeira-biel.com\/de\/wp-json\/wp\/v2\/pages\/57\/revisions"}],"predecessor-version":[{"id":787,"href":"https:\/\/brasilcapoeira-biel.com\/de\/wp-json\/wp\/v2\/pages\/57\/revisions\/787"}],"up":[{"embeddable":true,"href":"https:\/\/brasilcapoeira-biel.com\/de\/wp-json\/wp\/v2\/pages\/54"}],"wp:attachment":[{"href":"https:\/\/brasilcapoeira-biel.com\/de\/wp-json\/wp\/v2\/media?parent=57"}],"curies":[{"name":"wp","href":"https:\/\/api.w.org\/{rel}","templated":true}]}}