{"id":29,"date":"2019-09-04T11:14:25","date_gmt":"2019-09-04T09:14:25","guid":{"rendered":"https:\/\/brasilcapoeira-biel.com\/fr\/?page_id=29"},"modified":"2022-06-24T14:38:34","modified_gmt":"2022-06-24T12:38:34","slug":"brasilcapoeira","status":"publish","type":"page","link":"https:\/\/brasilcapoeira-biel.com\/fr\/brasilcapoeira\/","title":{"rendered":"\u00c9cole Brasil Capoeira"},"content":{"rendered":"\n<h1 class=\"wp-block-heading\">Capoeira<\/h1>\n\n\n\n<p>La Capoeira est n\u00e9e \u00e0 l\u2019\u00e9poque de l\u2019esclavage au&nbsp;Br\u00e9sil.<br>Les esclaves n\u2019\u00e9taient pas autoris\u00e9s \u00e0 pratiquer les&nbsp;arts martiaux, car leurs ma\u00eetres craignaient que cette pratique puisse \u00e9veiller&nbsp;en eux des id\u00e9es&nbsp;de r\u00e9bellion. C\u2019est pour cette raison que les esclaves&nbsp;camouflaient leurs pratiques avec de la musique et de la danse. Ceci ajout\u00e9 aux&nbsp;valeurs&nbsp;apprises dans la jungle forma la Capoeira.<br>Pourtant tous les efforts des esclaves n\u2019ont pas emp\u00eacher que cette \u00ab danse&nbsp;de guerre \u00bb soit interdite par la loi.<\/p>\n\n\n\n<p><img fetchpriority=\"high\" decoding=\"async\" class=\"alignright wp-image-38 size-medium\" src=\"https:\/\/www.movido.ch\/wp-content\/uploads\/DSC_0165-300x199.jpg\" alt=\"Capoeira Roda\" width=\"300\" height=\"199\"><\/p>\n\n\n\n<p>Ce n\u2019est que dans la deuxi\u00e8me moiti\u00e9 du 20\u00e8me&nbsp;si\u00e8cle, 50 ans apr\u00e8s&nbsp;l\u2019abolition de l\u2019esclavage, gr\u00e2ce \u00e0 la repr\u00e9sentation de&nbsp;Mestre Bimba&nbsp;pour le&nbsp;pr\u00e9sident du Br\u00e9sil,&nbsp;que la Capoeira est l\u00e9galis\u00e9e.<\/p>\n\n\n\n<p>De nos jours, la Capoeira est pratiqu\u00e9e partout&nbsp;dans le monde et est reconnue pour sa particularit\u00e9 : l\u2019alliage du&nbsp;combat,&nbsp;de l\u2019acrobatie et de la musique.<br>De plus elle a \u00e9t\u00e9 officiellement reconnue par l\u2019UNESCO comme patrimoine culturel du Br\u00e9sil. <\/p>\n\n\n\n<h3 class=\"wp-block-heading\">\u00c9cole Brasil Capoeira<\/h3>\n\n\n\n<p>L\u2018Associa\u00e7\u00e3o Brasil Capoeira est cr\u00e9\u00e9e le 12 mai 1985\u00a0au Br\u00e9sil par Manoel Matias Lopes (Mestre Matias). En 1989 il quitte le Br\u00e9sil et s\u2019installe en Suisse,\u00a0o\u00f9 depuis 1996, il enseigne la capoeira \u00e0 l\u2019Universit\u00e9 de Berne et dans diff\u00e9rentes \u00e9coles\u00a0primaires et\u00a0secondaires.<br>Mestre Matias dirige l\u2019acad\u00e9mie Brasil Capoeira et enseigne principalement \u00e0 Berne, son si\u00e8ge principal. Avec le temps, plusieurs filiales de Brasil Capoeira\u00a0sont cr\u00e9\u00e9es par des \u00e9l\u00e8ves en Suisse, dans plusieurs pays d\u2019Europe et au Br\u00e9sil. A Bienne, la filiale est cr\u00e9\u00e9e en 2012 par Mestrando Mineiro. Actuellement (2022), l\u2019\u00e9cole Brasil Capoeira est pr\u00e9sente \u00e0 Berne, B\u00e2le, Bienne, B\u00fcmpliz, D\u00fcdingen, M\u00fcnchenbuchsee, Morat, Oberwil, Berlin (DE), Curvelo (BR), Inimutaba (BR) et Tr\u00eas Marias (BR). <\/p>\n\n\n\n<p>Plus d\u2019informations sur <a href=\"https:\/\/brasilcapoeira-biel.com\/fr\/brasilcapoeira\/mestre-matias\/\">Mestre Matias<\/a>\u2026 sur <a href=\"https:\/\/brasilcapoeira-biel.com\/fr\/brasilcapoeira\/professor-mineiro\/\">Mestrando Mineiro<\/a>\u2026 sur <a href=\"https:\/\/brasilcapoeira-biel.com\/fr\/cours\/\">nos cours<\/a> \u2026  sur <a href=\"https:\/\/brasilcapoeira-biel.com\/fr\/brasilcapoeira\/systeme-de-graduation\/\">notre syst\u00e8me de graduation<\/a>\u2026<\/p>\n\n\n\n<p><br><\/p>\n","protected":false},"excerpt":{"rendered":"<p>Capoeira La Capoeira est n\u00e9e \u00e0 l\u2019\u00e9poque de l\u2019esclavage au&nbsp;Br\u00e9sil.Les esclaves n\u2019\u00e9taient pas autoris\u00e9s \u00e0 pratiquer les&nbsp;arts martiaux, car leurs ma\u00eetres craignaient que cette pratique puisse \u00e9veiller&nbsp;en eux des id\u00e9es&nbsp;de r\u00e9bellion. C\u2019est pour cette raison que les esclaves&nbsp;camouflaient leurs pratiques avec de la musique et de la danse. Ceci ajout\u00e9 aux&nbsp;valeurs&nbsp;apprises dans la jungle forma [&hellip;]<\/p>\n","protected":false},"author":1,"featured_media":0,"parent":0,"menu_order":0,"comment_status":"closed","ping_status":"closed","template":"","meta":{"footnotes":""},"class_list":["post-29","page","type-page","status-publish","hentry"],"yoast_head":"<!-- This site is optimized with the Yoast SEO plugin v16.2 - https:\/\/yoast.com\/wordpress\/plugins\/seo\/ -->\n<title>\u00c9cole Brasil Capoeira &raquo; Brasil Capoeira Biel\/Bienne<\/title>\n<meta name=\"description\" content=\"Ce site informe sur l&#039;histoire de la Capoeira, sur l&#039;\u00e9cole Brasil Capoeira Biel\/Bienne et sur nos cours, workshops, \u00e9v\u00e8nements et shows de Capoeira.\" \/>\n<meta name=\"robots\" content=\"index, follow, max-snippet:-1, max-image-preview:large, max-video-preview:-1\" \/>\n<link rel=\"canonical\" href=\"https:\/\/brasilcapoeira-biel.com\/fr\/brasilcapoeira\/\" \/>\n<meta property=\"og:locale\" content=\"de_DE\" \/>\n<meta property=\"og:type\" content=\"article\" \/>\n<meta property=\"og:title\" content=\"\u00c9cole Brasil Capoeira &raquo; Brasil Capoeira Biel\/Bienne\" \/>\n<meta property=\"og:description\" content=\"Ce site informe sur l&#039;histoire de la Capoeira, sur l&#039;\u00e9cole Brasil Capoeira Biel\/Bienne et sur nos cours, workshops, \u00e9v\u00e8nements et shows de Capoeira.\" \/>\n<meta property=\"og:url\" content=\"https:\/\/brasilcapoeira-biel.com\/fr\/brasilcapoeira\/\" \/>\n<meta property=\"og:site_name\" content=\"Brasil Capoeira Biel\/Bienne\" \/>\n<meta property=\"article:publisher\" content=\"https:\/\/www.facebook.com\/brasilcapoeirabienne\/\" \/>\n<meta property=\"article:modified_time\" content=\"2022-06-24T12:38:34+00:00\" \/>\n<meta property=\"og:image\" content=\"https:\/\/www.movido.ch\/wp-content\/uploads\/DSC_0165-300x199.jpg\" \/>\n<meta name=\"twitter:card\" content=\"summary_large_image\" \/>\n<meta name=\"twitter:label1\" content=\"Gesch\u00e4tzte Lesezeit\">\n\t<meta name=\"twitter:data1\" content=\"2\u00a0Minuten\">\n<script type=\"application\/ld+json\" class=\"yoast-schema-graph\">{\"@context\":\"https:\/\/schema.org\",\"@graph\":[{\"@type\":\"Organization\",\"@id\":\"https:\/\/brasilcapoeira-biel.com\/fr\/#organization\",\"name\":\"Brasil Capoeira Biel\/Bienne\",\"url\":\"https:\/\/brasilcapoeira-biel.com\/fr\/\",\"sameAs\":[\"https:\/\/www.facebook.com\/brasilcapoeirabienne\/\",\"https:\/\/www.instagram.com\/brasilcapoeira.bielbienne\/\",\"https:\/\/www.youtube.com\/user\/ABCapoeiraMineiro\/\"],\"logo\":{\"@type\":\"ImageObject\",\"@id\":\"https:\/\/brasilcapoeira-biel.com\/fr\/#logo\",\"inLanguage\":\"de\",\"url\":\"https:\/\/brasilcapoeira-biel.com\/fr\/wp-content\/uploads\/sites\/3\/2019\/08\/Logo-MINEIRO-neu-e1565340794429.png\",\"contentUrl\":\"https:\/\/brasilcapoeira-biel.com\/fr\/wp-content\/uploads\/sites\/3\/2019\/08\/Logo-MINEIRO-neu-e1565340794429.png\",\"width\":200,\"height\":110,\"caption\":\"Brasil Capoeira Biel\/Bienne\"},\"image\":{\"@id\":\"https:\/\/brasilcapoeira-biel.com\/fr\/#logo\"}},{\"@type\":\"WebSite\",\"@id\":\"https:\/\/brasilcapoeira-biel.com\/fr\/#website\",\"url\":\"https:\/\/brasilcapoeira-biel.com\/fr\/\",\"name\":\"Brasil Capoeira Biel\/Bienne\",\"description\":\"Home\",\"publisher\":{\"@id\":\"https:\/\/brasilcapoeira-biel.com\/fr\/#organization\"},\"potentialAction\":[{\"@type\":\"SearchAction\",\"target\":\"https:\/\/brasilcapoeira-biel.com\/fr\/?s={search_term_string}\",\"query-input\":\"required name=search_term_string\"}],\"inLanguage\":\"de\"},{\"@type\":\"ImageObject\",\"@id\":\"https:\/\/brasilcapoeira-biel.com\/fr\/brasilcapoeira\/#primaryimage\",\"inLanguage\":\"de\",\"url\":\"https:\/\/www.movido.ch\/wp-content\/uploads\/DSC_0165-300x199.jpg\",\"contentUrl\":\"https:\/\/www.movido.ch\/wp-content\/uploads\/DSC_0165-300x199.jpg\"},{\"@type\":\"WebPage\",\"@id\":\"https:\/\/brasilcapoeira-biel.com\/fr\/brasilcapoeira\/#webpage\",\"url\":\"https:\/\/brasilcapoeira-biel.com\/fr\/brasilcapoeira\/\",\"name\":\"\\u00c9cole Brasil Capoeira &raquo; Brasil Capoeira Biel\/Bienne\",\"isPartOf\":{\"@id\":\"https:\/\/brasilcapoeira-biel.com\/fr\/#website\"},\"primaryImageOfPage\":{\"@id\":\"https:\/\/brasilcapoeira-biel.com\/fr\/brasilcapoeira\/#primaryimage\"},\"datePublished\":\"2019-09-04T09:14:25+00:00\",\"dateModified\":\"2022-06-24T12:38:34+00:00\",\"description\":\"Ce site informe sur l'histoire de la Capoeira, sur l'\\u00e9cole Brasil Capoeira Biel\/Bienne et sur nos cours, workshops, \\u00e9v\\u00e8nements et shows de Capoeira.\",\"breadcrumb\":{\"@id\":\"https:\/\/brasilcapoeira-biel.com\/fr\/brasilcapoeira\/#breadcrumb\"},\"inLanguage\":\"de\",\"potentialAction\":[{\"@type\":\"ReadAction\",\"target\":[\"https:\/\/brasilcapoeira-biel.com\/fr\/brasilcapoeira\/\"]}]},{\"@type\":\"BreadcrumbList\",\"@id\":\"https:\/\/brasilcapoeira-biel.com\/fr\/brasilcapoeira\/#breadcrumb\",\"itemListElement\":[{\"@type\":\"ListItem\",\"position\":1,\"item\":{\"@type\":\"WebPage\",\"@id\":\"https:\/\/brasilcapoeira-biel.com\/fr\/\",\"url\":\"https:\/\/brasilcapoeira-biel.com\/fr\/\",\"name\":\"Startseite\"}},{\"@type\":\"ListItem\",\"position\":2,\"item\":{\"@id\":\"https:\/\/brasilcapoeira-biel.com\/fr\/brasilcapoeira\/#webpage\"}}]}]}<\/script>\n<!-- \/ Yoast SEO plugin. -->","_links":{"self":[{"href":"https:\/\/brasilcapoeira-biel.com\/fr\/wp-json\/wp\/v2\/pages\/29","targetHints":{"allow":["GET"]}}],"collection":[{"href":"https:\/\/brasilcapoeira-biel.com\/fr\/wp-json\/wp\/v2\/pages"}],"about":[{"href":"https:\/\/brasilcapoeira-biel.com\/fr\/wp-json\/wp\/v2\/types\/page"}],"author":[{"embeddable":true,"href":"https:\/\/brasilcapoeira-biel.com\/fr\/wp-json\/wp\/v2\/users\/1"}],"replies":[{"embeddable":true,"href":"https:\/\/brasilcapoeira-biel.com\/fr\/wp-json\/wp\/v2\/comments?post=29"}],"version-history":[{"count":4,"href":"https:\/\/brasilcapoeira-biel.com\/fr\/wp-json\/wp\/v2\/pages\/29\/revisions"}],"predecessor-version":[{"id":279,"href":"https:\/\/brasilcapoeira-biel.com\/fr\/wp-json\/wp\/v2\/pages\/29\/revisions\/279"}],"wp:attachment":[{"href":"https:\/\/brasilcapoeira-biel.com\/fr\/wp-json\/wp\/v2\/media?parent=29"}],"curies":[{"name":"wp","href":"https:\/\/api.w.org\/{rel}","templated":true}]}}