{"id":33,"date":"2019-09-10T08:58:53","date_gmt":"2019-09-10T06:58:53","guid":{"rendered":"https:\/\/brasilcapoeira-biel.com\/fr\/?page_id=33"},"modified":"2025-01-09T10:47:28","modified_gmt":"2025-01-09T09:47:28","slug":"professor-mineiro","status":"publish","type":"page","link":"https:\/\/brasilcapoeira-biel.com\/fr\/brasilcapoeira\/professor-mineiro\/","title":{"rendered":"Mestrando Mineiro"},"content":{"rendered":"\r\n<div class=\"wp-block-image\">\r\n<figure class=\"alignleft\"><img decoding=\"async\" src=\"https:\/\/www.movido.ch\/wp-content\/uploads\/janko-146x150.jpg\" alt=\"\" \/>\r\n<figcaption>&#8220;Mineiro&#8221; &#8211; Janko Mathias Richter Lopes<\/figcaption>\r\n<\/figure>\r\n<\/div>\r\n\r\n\r\n\r\n<p>Janko Richter Lopes, \u201eMineiro\u201c\u00a0de son nom de Capoeira est n\u00e9 le 4 juillet 1992, \u00e0 Berne. Fils de deux capoeiristas,\u00a0Anja Katinka Richter\u00a0et\u00a0Manoel\u00a0Matias Lopes, il est plong\u00e9 d\u00e8s sa naissance\u00a0dans l\u2019univers de la Capoeira.<br \/>Aux c\u00f4t\u00e9s de son p\u00e8re, fondateur de l\u2019Associa\u00e7\u00e3o Brasil Capoeira, Mineiro a la possibilit\u00e9 de participer \u00e0 de nombreux \u00e9v\u00e9nements de capoeira dans toute l\u2019Europe et au Br\u00e9sil durant lesquels il s\u2019entra\u00eene et rencontre de nombreux Mestres et Professeurs.<\/p>\r\n\r\n\r\n\r\n<p>Depuis ses sept ans, il\u00a0assiste son p\u00e8re dans les ateliers qu\u2019il donne dans les \u00e9coles primaires et secondaires. Il enseigne \u00e9galement dans l\u2019\u00e9cole Brasil Capoeira, \u00e0 Berne. Depuis plusieurs ann\u00e9es, il y donne r\u00e9guli\u00e8rement les cours le mercredi.\u00a0<\/p>\r\n\r\n\r\n\r\n<div class=\"wp-block-image\">\r\n<figure class=\"alignright is-resized\"><img fetchpriority=\"high\" decoding=\"async\" src=\"https:\/\/brasilcapoeira-biel.com\/de\/wp-content\/uploads\/sites\/2\/2019\/07\/DSC0065-683x1024.jpg\" alt=\"\" width=\"215\" height=\"322\" \/>\r\n<figcaption>Mestrando Mineiro, Fotoshooting 2017, Foto by Christoph K\u00e4ser<\/figcaption>\r\n<\/figure>\r\n<\/div>\r\n\r\n\r\n\r\n<p>Depuis 2012, Mineiro enseigne la capoeira \u00e0 Bienne. Il offre des cours pour adultes et pour enfants. En juin 2016, il re\u00e7oit le titre de Professor de capoeira et en 2017, il termine sa formation d\u2019enseignant pour le niveau primaire, \u00e0 la haute \u00e9cole p\u00e9dagogique de Berne.<\/p>\r\n\r\n\r\n\r\n<p>Apr\u00e8s avoir travaill\u00e9 quelques ann\u00e9es \u00e0 temps partiel dans une \u00e9cole primaire biennoise, Mineiro abandonne en 2021 son activit\u00e9 \u00e0 l&#8217;\u00e9cole primaire pour se consacrer enti\u00e8rement \u00e0 l&#8217;\u00e9cole de capoeira. \u00c0 c\u00f4t\u00e9 des cours hebdomadaires, il organise des ateliers pour les \u00e9coles, les entreprises et autres institutions similaires, ainsi que des spectacles pour les petites et grandes sc\u00e8nes de la r\u00e9gion du Seeland et de la Suisse.<br \/>En 2022, il a re\u00e7u le titre de Mestrando de Capoeira de son Mestre, Mestre Matias.<\/p>\r\n\r\n\r\n\r\n<p>Autres formations dans le domaine sportif\u00a0: Cours de moniteur et coach J&amp;S, samaritain et nageur-sauveteur.<\/p>\r\n\r\n\r\n\r\n<h3 class=\"wp-block-heading\">Kontakt<\/h3>\r\n\r\n\r\n\r\n<p>Mestrando Mineiro (Janko Richter)<br \/>Brasil Capoeira Biel\/Bienne<br \/>Telefon: +41 77 438 74 34<br \/><a href=\"mailto: mineiro@brasilcapoeira.com\">E-Mail:<\/a> mineiro@brasilcapoeira.com<br \/><a href=\"https:\/\/www.facebook.com\/bc.mineiro\" target=\"_blank\" rel=\"noopener noreferrer\">Facebook<\/a>: www.facebook.com\/bc.mineiro<br \/><a href=\"https:\/\/www.instagram.com\/bc.mineiro\/\" target=\"_blank\" rel=\"noreferrer noopener\">Instagram<\/a>: www.instagram.com\/bc.mineiro<\/p>\r\n\r\n\r\n\r\n<div class=\"wp-block-image\">\r\n<figure class=\"aligncenter\"><img decoding=\"async\" src=\"https:\/\/brasilcapoeira-biel.com\/de\/wp-content\/uploads\/sites\/2\/2019\/07\/DSC2867-Kopie-1024x683.jpg\" alt=\"\" \/>\r\n<figcaption>Mestrando Mineiro, Fotoshooting 2019, Foto by Christoph K\u00e4ser<\/figcaption>\r\n<\/figure>\r\n<\/div>\r\n","protected":false},"excerpt":{"rendered":"<p>Janko Richter Lopes, \u201eMineiro\u201c\u00a0de son nom de Capoeira est n\u00e9 le 4 juillet 1992, \u00e0 Berne. Fils de deux capoeiristas,\u00a0Anja Katinka Richter\u00a0et\u00a0Manoel\u00a0Matias Lopes, il est plong\u00e9 d\u00e8s sa naissance\u00a0dans l\u2019univers de la Capoeira.Aux c\u00f4t\u00e9s de son p\u00e8re, fondateur de l\u2019Associa\u00e7\u00e3o Brasil Capoeira, Mineiro a la possibilit\u00e9 de participer \u00e0 de nombreux \u00e9v\u00e9nements de capoeira dans [&hellip;]<\/p>\n","protected":false},"author":1,"featured_media":0,"parent":29,"menu_order":0,"comment_status":"closed","ping_status":"closed","template":"","meta":{"footnotes":""},"class_list":["post-33","page","type-page","status-publish","hentry"],"yoast_head":"<!-- This site is optimized with the Yoast SEO plugin v16.2 - https:\/\/yoast.com\/wordpress\/plugins\/seo\/ -->\n<title>Mestrando Mineiro &raquo; Brasil Capoeira Biel\/Bienne<\/title>\n<meta name=\"description\" content=\"Ce site informe sur l&#039;histoire de la Capoeira, sur l&#039;\u00e9cole Brasil Capoeira Biel\/Bienne et sur nos cours, workshops, \u00e9v\u00e8nements et shows de Capoeira.\" \/>\n<meta name=\"robots\" content=\"index, follow, max-snippet:-1, max-image-preview:large, max-video-preview:-1\" \/>\n<link rel=\"canonical\" href=\"https:\/\/brasilcapoeira-biel.com\/fr\/brasilcapoeira\/professor-mineiro\/\" \/>\n<meta property=\"og:locale\" content=\"de_DE\" \/>\n<meta property=\"og:type\" content=\"article\" \/>\n<meta property=\"og:title\" content=\"Mestrando Mineiro &raquo; Brasil Capoeira Biel\/Bienne\" \/>\n<meta property=\"og:description\" content=\"Ce site informe sur l&#039;histoire de la Capoeira, sur l&#039;\u00e9cole Brasil Capoeira Biel\/Bienne et sur nos cours, workshops, \u00e9v\u00e8nements et shows de Capoeira.\" \/>\n<meta property=\"og:url\" content=\"https:\/\/brasilcapoeira-biel.com\/fr\/brasilcapoeira\/professor-mineiro\/\" \/>\n<meta property=\"og:site_name\" content=\"Brasil Capoeira Biel\/Bienne\" \/>\n<meta property=\"article:publisher\" content=\"https:\/\/www.facebook.com\/brasilcapoeirabienne\/\" \/>\n<meta property=\"article:modified_time\" content=\"2025-01-09T09:47:28+00:00\" \/>\n<meta property=\"og:image\" content=\"https:\/\/www.movido.ch\/wp-content\/uploads\/janko-146x150.jpg\" \/>\n<meta name=\"twitter:card\" content=\"summary_large_image\" \/>\n<meta name=\"twitter:label1\" content=\"Gesch\u00e4tzte Lesezeit\">\n\t<meta name=\"twitter:data1\" content=\"2\u00a0Minuten\">\n<script type=\"application\/ld+json\" class=\"yoast-schema-graph\">{\"@context\":\"https:\/\/schema.org\",\"@graph\":[{\"@type\":\"Organization\",\"@id\":\"https:\/\/brasilcapoeira-biel.com\/fr\/#organization\",\"name\":\"Brasil Capoeira Biel\/Bienne\",\"url\":\"https:\/\/brasilcapoeira-biel.com\/fr\/\",\"sameAs\":[\"https:\/\/www.facebook.com\/brasilcapoeirabienne\/\",\"https:\/\/www.instagram.com\/brasilcapoeira.bielbienne\/\",\"https:\/\/www.youtube.com\/user\/ABCapoeiraMineiro\/\"],\"logo\":{\"@type\":\"ImageObject\",\"@id\":\"https:\/\/brasilcapoeira-biel.com\/fr\/#logo\",\"inLanguage\":\"de\",\"url\":\"https:\/\/brasilcapoeira-biel.com\/fr\/wp-content\/uploads\/sites\/3\/2019\/08\/Logo-MINEIRO-neu-e1565340794429.png\",\"contentUrl\":\"https:\/\/brasilcapoeira-biel.com\/fr\/wp-content\/uploads\/sites\/3\/2019\/08\/Logo-MINEIRO-neu-e1565340794429.png\",\"width\":200,\"height\":110,\"caption\":\"Brasil Capoeira Biel\/Bienne\"},\"image\":{\"@id\":\"https:\/\/brasilcapoeira-biel.com\/fr\/#logo\"}},{\"@type\":\"WebSite\",\"@id\":\"https:\/\/brasilcapoeira-biel.com\/fr\/#website\",\"url\":\"https:\/\/brasilcapoeira-biel.com\/fr\/\",\"name\":\"Brasil Capoeira Biel\/Bienne\",\"description\":\"Home\",\"publisher\":{\"@id\":\"https:\/\/brasilcapoeira-biel.com\/fr\/#organization\"},\"potentialAction\":[{\"@type\":\"SearchAction\",\"target\":\"https:\/\/brasilcapoeira-biel.com\/fr\/?s={search_term_string}\",\"query-input\":\"required name=search_term_string\"}],\"inLanguage\":\"de\"},{\"@type\":\"ImageObject\",\"@id\":\"https:\/\/brasilcapoeira-biel.com\/fr\/brasilcapoeira\/professor-mineiro\/#primaryimage\",\"inLanguage\":\"de\",\"url\":\"https:\/\/www.movido.ch\/wp-content\/uploads\/janko-146x150.jpg\",\"contentUrl\":\"https:\/\/www.movido.ch\/wp-content\/uploads\/janko-146x150.jpg\"},{\"@type\":\"WebPage\",\"@id\":\"https:\/\/brasilcapoeira-biel.com\/fr\/brasilcapoeira\/professor-mineiro\/#webpage\",\"url\":\"https:\/\/brasilcapoeira-biel.com\/fr\/brasilcapoeira\/professor-mineiro\/\",\"name\":\"Mestrando Mineiro &raquo; Brasil Capoeira Biel\/Bienne\",\"isPartOf\":{\"@id\":\"https:\/\/brasilcapoeira-biel.com\/fr\/#website\"},\"primaryImageOfPage\":{\"@id\":\"https:\/\/brasilcapoeira-biel.com\/fr\/brasilcapoeira\/professor-mineiro\/#primaryimage\"},\"datePublished\":\"2019-09-10T06:58:53+00:00\",\"dateModified\":\"2025-01-09T09:47:28+00:00\",\"description\":\"Ce site informe sur l'histoire de la Capoeira, sur l'\\u00e9cole Brasil Capoeira Biel\/Bienne et sur nos cours, workshops, \\u00e9v\\u00e8nements et shows de Capoeira.\",\"breadcrumb\":{\"@id\":\"https:\/\/brasilcapoeira-biel.com\/fr\/brasilcapoeira\/professor-mineiro\/#breadcrumb\"},\"inLanguage\":\"de\",\"potentialAction\":[{\"@type\":\"ReadAction\",\"target\":[\"https:\/\/brasilcapoeira-biel.com\/fr\/brasilcapoeira\/professor-mineiro\/\"]}]},{\"@type\":\"BreadcrumbList\",\"@id\":\"https:\/\/brasilcapoeira-biel.com\/fr\/brasilcapoeira\/professor-mineiro\/#breadcrumb\",\"itemListElement\":[{\"@type\":\"ListItem\",\"position\":1,\"item\":{\"@type\":\"WebPage\",\"@id\":\"https:\/\/brasilcapoeira-biel.com\/fr\/\",\"url\":\"https:\/\/brasilcapoeira-biel.com\/fr\/\",\"name\":\"Startseite\"}},{\"@type\":\"ListItem\",\"position\":2,\"item\":{\"@type\":\"WebPage\",\"@id\":\"https:\/\/brasilcapoeira-biel.com\/fr\/brasilcapoeira\/\",\"url\":\"https:\/\/brasilcapoeira-biel.com\/fr\/brasilcapoeira\/\",\"name\":\"\\u00c9cole Brasil Capoeira\"}},{\"@type\":\"ListItem\",\"position\":3,\"item\":{\"@id\":\"https:\/\/brasilcapoeira-biel.com\/fr\/brasilcapoeira\/professor-mineiro\/#webpage\"}}]}]}<\/script>\n<!-- \/ Yoast SEO plugin. -->","_links":{"self":[{"href":"https:\/\/brasilcapoeira-biel.com\/fr\/wp-json\/wp\/v2\/pages\/33","targetHints":{"allow":["GET"]}}],"collection":[{"href":"https:\/\/brasilcapoeira-biel.com\/fr\/wp-json\/wp\/v2\/pages"}],"about":[{"href":"https:\/\/brasilcapoeira-biel.com\/fr\/wp-json\/wp\/v2\/types\/page"}],"author":[{"embeddable":true,"href":"https:\/\/brasilcapoeira-biel.com\/fr\/wp-json\/wp\/v2\/users\/1"}],"replies":[{"embeddable":true,"href":"https:\/\/brasilcapoeira-biel.com\/fr\/wp-json\/wp\/v2\/comments?post=33"}],"version-history":[{"count":5,"href":"https:\/\/brasilcapoeira-biel.com\/fr\/wp-json\/wp\/v2\/pages\/33\/revisions"}],"predecessor-version":[{"id":441,"href":"https:\/\/brasilcapoeira-biel.com\/fr\/wp-json\/wp\/v2\/pages\/33\/revisions\/441"}],"up":[{"embeddable":true,"href":"https:\/\/brasilcapoeira-biel.com\/fr\/wp-json\/wp\/v2\/pages\/29"}],"wp:attachment":[{"href":"https:\/\/brasilcapoeira-biel.com\/fr\/wp-json\/wp\/v2\/media?parent=33"}],"curies":[{"name":"wp","href":"https:\/\/api.w.org\/{rel}","templated":true}]}}