{"id":37,"date":"2019-09-10T09:06:28","date_gmt":"2019-09-10T07:06:28","guid":{"rendered":"https:\/\/brasilcapoeira-biel.com\/fr\/?page_id=37"},"modified":"2019-09-10T09:06:41","modified_gmt":"2019-09-10T07:06:41","slug":"mestre-matias","status":"publish","type":"page","link":"https:\/\/brasilcapoeira-biel.com\/fr\/brasilcapoeira\/mestre-matias\/","title":{"rendered":"Mestre Matias"},"content":{"rendered":"\n<div class=\"wp-block-image\"><figure class=\"alignright\"><img decoding=\"async\" src=\"https:\/\/brasilcapoeira-biel.com\/de\/wp-content\/uploads\/sites\/2\/2019\/07\/matias.jpg\" alt=\"\"\/><figcaption>Mestre Matias<\/figcaption><\/figure><\/div>\n\n\n\n<p>Manoel Matias Lopes, Mestre Matias vient au monde le 2 d\u00e9cembre 1963 \u00e0 Canabrava, dans l\u2019\u00e9tat de Minas Gerais (Br\u00e9sil).<\/p>\n\n\n\n<p>Son voyage dans le monde de la capoeira commence lorsqu\u2019il voit pour la premi\u00e8re fois une Roda de Capoeira de Mestre Dunga sur la Pra\u00e7a Sete \u00e0 Belo Horizonte. C\u2019est devenu une passion d\u00e8s le premier regard.<\/p>\n\n\n\n<p>A 14 ans, il commence la Capoeira \u00e0 Sete Lagoas dans le groupe Chocalho aupr\u00e8s des Professores Nelsinho et Edson. Ils feront plus tard partie du groupe Berimbau de Ouro de Mestre Marreta. <\/p>\n\n\n\n<p>En 1984, \u00e0 l\u2019\u00e2ge de\n21 ans, il commence \u00e0 enseigner la capoeira \u00e0 Curvelo (MG). Il fonde sa\npremi\u00e8re acad\u00e9mie qui entre dans les registres officiels le 12 mai 1985 en tant\nqu\u2019Associa\u00e7\u00e3o Brasil Capoeira. <\/p>\n\n\n\n<p>Matias \u00e9tait le\npremier \u00e0 amener la capoeira \u00e0 Curvelo. Il s\u2019expand aux villes voisines\nInimutaba, Corinto, Felixlandia, Caetanopolis, Paraopeba, Diamantina et\nenviron. Il organise de grandes rencontres de capoeira, enseigne dans des\ncommunes, des \u00e9coles primaires et secondaires, des cr\u00e8ches et des orphelinats ainsi\nque dans des th\u00e9\u00e2tres, des clubs de sport et des acad\u00e9mies. <\/p>\n\n\n\n<div class=\"wp-block-image\"><figure class=\"aligncenter\"><img decoding=\"async\" src=\"https:\/\/brasilcapoeira-biel.com\/de\/wp-content\/uploads\/sites\/2\/2019\/07\/matias_2.jpg\" alt=\"\"\/><figcaption>Mestre Matias (\u00e0 droite) avec des \u00e9l\u00e8ves de Curvelo et Felixl\u00e2ndia<\/figcaption><\/figure><\/div>\n\n\n\n<p>Le 2 f\u00e9vrier 1986,\nil obtient le titre de \u00ab&nbsp;contra-Mestre&nbsp;\u00bb de Mestre Pedrinho et Mestre\nReginaldo Santana dans la ville de Pedro Leopoldo, Minas Gerais. <\/p>\n\n\n\n<p>Matias d\u00e9cide de\nquitter le Br\u00e9sil et pars pour l\u2019aventure en Europe. Il arrive au printemps\n1989 en Suisse, \u00e0 Zurich. Il y vit quelques mois o\u00f9 il re\u00e7oit un grand soutien\nd\u2019Edna un ancien \u00e9l\u00e8ve de Curvelo qui vit \u00e0 Zurich. Apr\u00e8s, il d\u00e9m\u00e9nage \u00e0 Berne,\nla capitale de la Suisse et ses merveilleuses personnes. Matias est le premier\ncapoeirista \u00e0 cr\u00e9er une \u00e9cole de capoeira \u00e0 Berne. <\/p>\n\n\n\n<p>Les premi\u00e8res\nann\u00e9es, sont difficiles. Avant d\u2019entreprendre un travail de capoeira, il lui a\nfallu apprendre l\u2019allemand et compter avec le fait que la capoeira \u00e9tait un art\ncompl\u00e8tement inconnu. Mais la volont\u00e9 de gagner est plus forte. Matias joue du\nBerimbau dans les rues en hier et montre seul des mouvements. Apr\u00e8s quelques\ntemps, il \u00e9change avec d\u2019autres capoeiristas avec lesquels il se pr\u00e9sente dans\ntoute la Suisse et dans d\u2019autres pays. Avec beaucoup de travail et de\nd\u00e9vouement, il surmonte tous les obstacles. <\/p>\n\n\n\n<div class=\"wp-block-image\"><figure class=\"alignright\"><img decoding=\"async\" src=\"https:\/\/brasilcapoeira-biel.com\/de\/wp-content\/uploads\/sites\/2\/2019\/07\/matias_5dunga.jpg\" alt=\"\"\/><figcaption>Mestre Matias et Mestre Dunga<\/figcaption><\/figure><\/div>\n\n\n\n<p>En 1991, Matias\nretourne au Br\u00e9sil et y organise un vaste \u00e9v\u00e9nement dans le Gin\u00e1sio\nPoliesportivo de Curvelo. A sa grande surprise Mestre Dunga le nomme Mestre\n(Ma\u00eetre de Capoeira). Un r\u00eave d\u2019enfant devient r\u00e9alit\u00e9.&nbsp; Sa grande passion pour la Capoeira et sa\npers\u00e9v\u00e9rance ont permis \u00e0 Matias de d\u00e9passer les fronti\u00e8res de Suisse pour participer\ncomme h\u00f4te d\u2019honneur dans d\u2019innombrables Batitzados, rencontres et ateliers\ndans de nombreux pays d\u2019Europe, d\u2019Am\u00e9rique du Nord et du Sud.<\/p>\n\n\n\n<p>En Suisse, non\nseulement Mestre Matias donne des cours dans son \u00e9cole Brasil Capoeira \u00e0 Berne,\nmais aussi, des cours hebdomadaires \u00e0 l\u2019universit\u00e9, depuis 1986 ainsi qu\u2019un\ntravail ponctuel aupr\u00e8s de diff\u00e9rentes \u00e9coles primaires et secondaires pour des\nprojets d\u2019une journ\u00e9e ou d\u2019une semaine sur la capoeira. <\/p>\n\n\n\n<p>Chaque ann\u00e9e,\nMestre Matias organise jusqu\u2019\u00e0 deux grands \u00e9v\u00e9nements de Capoeira impliquant\ndes invit\u00e9s de marque venant du monde entier&nbsp;; tout comme il parcourt\n\u00e9galement lui-m\u00eame le monde pour donner des cours dans ce m\u00eame genre d\u2019\u00e9v\u00e9nements\n\u00e0 l\u2019ext\u00e9rieur. \n\nAvec\nles ann\u00e9es plusieurs filiales du groupe Brasil Capoeira ont vu le jour en\nSuisse et dans d\u2019autres pays. Elles sont g\u00e9r\u00e9es par Mestre Matias et des \u00e9l\u00e8ves\navanc\u00e9s et se trouvent notamment \u00e0 B\u00e2le, Bienne, B\u00fcmpliz, Berlin (DE), Curvelo\n(BR), D\u00fcdingen, Inimutaba (BR), Lyon (F), Morat, Palma di Mallorca (E) et Thun.\n\n\n\n<\/p>\n","protected":false},"excerpt":{"rendered":"<p>Manoel Matias Lopes, Mestre Matias vient au monde le 2 d\u00e9cembre 1963 \u00e0 Canabrava, dans l\u2019\u00e9tat de Minas Gerais (Br\u00e9sil). Son voyage dans le monde de la capoeira commence lorsqu\u2019il voit pour la premi\u00e8re fois une Roda de Capoeira de Mestre Dunga sur la Pra\u00e7a Sete \u00e0 Belo Horizonte. C\u2019est devenu une passion d\u00e8s le [&hellip;]<\/p>\n","protected":false},"author":1,"featured_media":0,"parent":29,"menu_order":0,"comment_status":"closed","ping_status":"closed","template":"","meta":{"ocean_post_layout":"","ocean_both_sidebars_style":"","ocean_both_sidebars_content_width":0,"ocean_both_sidebars_sidebars_width":0,"ocean_sidebar":"","ocean_second_sidebar":"","ocean_disable_margins":"enable","ocean_add_body_class":"","ocean_shortcode_before_top_bar":"","ocean_shortcode_after_top_bar":"","ocean_shortcode_before_header":"","ocean_shortcode_after_header":"","ocean_has_shortcode":"","ocean_shortcode_after_title":"","ocean_shortcode_before_footer_widgets":"","ocean_shortcode_after_footer_widgets":"","ocean_shortcode_before_footer_bottom":"","ocean_shortcode_after_footer_bottom":"","ocean_display_top_bar":"default","ocean_display_header":"default","ocean_header_style":"","ocean_center_header_left_menu":"","ocean_custom_header_template":"","ocean_custom_logo":0,"ocean_custom_retina_logo":0,"ocean_custom_logo_max_width":0,"ocean_custom_logo_tablet_max_width":0,"ocean_custom_logo_mobile_max_width":0,"ocean_custom_logo_max_height":0,"ocean_custom_logo_tablet_max_height":0,"ocean_custom_logo_mobile_max_height":0,"ocean_header_custom_menu":"","ocean_menu_typo_font_family":"","ocean_menu_typo_font_subset":"","ocean_menu_typo_font_size":0,"ocean_menu_typo_font_size_tablet":0,"ocean_menu_typo_font_size_mobile":0,"ocean_menu_typo_font_size_unit":"px","ocean_menu_typo_font_weight":"","ocean_menu_typo_font_weight_tablet":"","ocean_menu_typo_font_weight_mobile":"","ocean_menu_typo_transform":"","ocean_menu_typo_transform_tablet":"","ocean_menu_typo_transform_mobile":"","ocean_menu_typo_line_height":0,"ocean_menu_typo_line_height_tablet":0,"ocean_menu_typo_line_height_mobile":0,"ocean_menu_typo_line_height_unit":"","ocean_menu_typo_spacing":0,"ocean_menu_typo_spacing_tablet":0,"ocean_menu_typo_spacing_mobile":0,"ocean_menu_typo_spacing_unit":"","ocean_menu_link_color":"","ocean_menu_link_color_hover":"","ocean_menu_link_color_active":"","ocean_menu_link_background":"","ocean_menu_link_hover_background":"","ocean_menu_link_active_background":"","ocean_menu_social_links_bg":"","ocean_menu_social_hover_links_bg":"","ocean_menu_social_links_color":"","ocean_menu_social_hover_links_color":"","ocean_disable_title":"default","ocean_disable_heading":"default","ocean_post_title":"","ocean_post_subheading":"","ocean_post_title_style":"","ocean_post_title_background_color":"","ocean_post_title_background":0,"ocean_post_title_bg_image_position":"","ocean_post_title_bg_image_attachment":"","ocean_post_title_bg_image_repeat":"","ocean_post_title_bg_image_size":"","ocean_post_title_height":0,"ocean_post_title_bg_overlay":0.5,"ocean_post_title_bg_overlay_color":"","ocean_disable_breadcrumbs":"default","ocean_breadcrumbs_color":"","ocean_breadcrumbs_separator_color":"","ocean_breadcrumbs_links_color":"","ocean_breadcrumbs_links_hover_color":"","ocean_display_footer_widgets":"default","ocean_display_footer_bottom":"default","ocean_custom_footer_template":"","footnotes":""},"class_list":["post-37","page","type-page","status-publish","hentry","entry"],"yoast_head":"<!-- This site is optimized with the Yoast SEO plugin v16.2 - https:\/\/yoast.com\/wordpress\/plugins\/seo\/ -->\n<title>Mestre Matias &raquo;<\/title>\n<meta name=\"description\" content=\"Ce site informe sur l&#039;histoire de la Capoeira, sur l&#039;\u00e9cole Brasil Capoeira Biel\/Bienne et sur nos cours, workshops, \u00e9v\u00e8nements et shows de Capoeira.\" \/>\n<meta name=\"robots\" content=\"index, follow, max-snippet:-1, max-image-preview:large, max-video-preview:-1\" \/>\n<link rel=\"canonical\" href=\"https:\/\/brasilcapoeira-biel.com\/fr\/brasilcapoeira\/mestre-matias\/\" \/>\n<meta property=\"og:locale\" content=\"de_DE\" \/>\n<meta property=\"og:type\" content=\"article\" \/>\n<meta property=\"og:title\" content=\"Mestre Matias &raquo;\" \/>\n<meta property=\"og:description\" content=\"Ce site informe sur l&#039;histoire de la Capoeira, sur l&#039;\u00e9cole Brasil Capoeira Biel\/Bienne et sur nos cours, workshops, \u00e9v\u00e8nements et shows de Capoeira.\" \/>\n<meta property=\"og:url\" content=\"https:\/\/brasilcapoeira-biel.com\/fr\/brasilcapoeira\/mestre-matias\/\" \/>\n<meta property=\"article:publisher\" content=\"https:\/\/www.facebook.com\/brasilcapoeirabienne\/\" \/>\n<meta property=\"article:modified_time\" content=\"2019-09-10T07:06:41+00:00\" \/>\n<meta property=\"og:image\" content=\"https:\/\/brasilcapoeira-biel.com\/de\/wp-content\/uploads\/sites\/2\/2019\/07\/matias.jpg\" \/>\n<meta name=\"twitter:card\" content=\"summary_large_image\" \/>\n<meta name=\"twitter:label1\" content=\"Gesch\u00e4tzte Lesezeit\">\n\t<meta name=\"twitter:data1\" content=\"3\u00a0Minuten\">\n<script type=\"application\/ld+json\" class=\"yoast-schema-graph\">{\"@context\":\"https:\/\/schema.org\",\"@graph\":[{\"@type\":\"Organization\",\"@id\":\"https:\/\/brasilcapoeira-biel.com\/fr\/#organization\",\"name\":\"Brasil Capoeira Biel\/Bienne\",\"url\":\"https:\/\/brasilcapoeira-biel.com\/fr\/\",\"sameAs\":[\"https:\/\/www.facebook.com\/brasilcapoeirabienne\/\",\"https:\/\/www.instagram.com\/brasilcapoeira.bielbienne\/\",\"https:\/\/www.youtube.com\/user\/ABCapoeiraMineiro\/\"],\"logo\":{\"@type\":\"ImageObject\",\"@id\":\"https:\/\/brasilcapoeira-biel.com\/fr\/#logo\",\"inLanguage\":\"de\",\"url\":\"https:\/\/brasilcapoeira-biel.com\/fr\/wp-content\/uploads\/sites\/3\/2019\/08\/Logo-MINEIRO-neu-e1565340794429.png\",\"contentUrl\":\"https:\/\/brasilcapoeira-biel.com\/fr\/wp-content\/uploads\/sites\/3\/2019\/08\/Logo-MINEIRO-neu-e1565340794429.png\",\"width\":200,\"height\":110,\"caption\":\"Brasil Capoeira Biel\/Bienne\"},\"image\":{\"@id\":\"https:\/\/brasilcapoeira-biel.com\/fr\/#logo\"}},{\"@type\":\"WebSite\",\"@id\":\"https:\/\/brasilcapoeira-biel.com\/fr\/#website\",\"url\":\"https:\/\/brasilcapoeira-biel.com\/fr\/\",\"name\":\"\",\"description\":\"\",\"publisher\":{\"@id\":\"https:\/\/brasilcapoeira-biel.com\/fr\/#organization\"},\"potentialAction\":[{\"@type\":\"SearchAction\",\"target\":\"https:\/\/brasilcapoeira-biel.com\/fr\/?s={search_term_string}\",\"query-input\":\"required name=search_term_string\"}],\"inLanguage\":\"de\"},{\"@type\":\"ImageObject\",\"@id\":\"https:\/\/brasilcapoeira-biel.com\/fr\/brasilcapoeira\/mestre-matias\/#primaryimage\",\"inLanguage\":\"de\",\"url\":\"https:\/\/brasilcapoeira-biel.com\/de\/wp-content\/uploads\/sites\/2\/2019\/07\/matias.jpg\",\"contentUrl\":\"https:\/\/brasilcapoeira-biel.com\/de\/wp-content\/uploads\/sites\/2\/2019\/07\/matias.jpg\"},{\"@type\":\"WebPage\",\"@id\":\"https:\/\/brasilcapoeira-biel.com\/fr\/brasilcapoeira\/mestre-matias\/#webpage\",\"url\":\"https:\/\/brasilcapoeira-biel.com\/fr\/brasilcapoeira\/mestre-matias\/\",\"name\":\"Mestre Matias &raquo;\",\"isPartOf\":{\"@id\":\"https:\/\/brasilcapoeira-biel.com\/fr\/#website\"},\"primaryImageOfPage\":{\"@id\":\"https:\/\/brasilcapoeira-biel.com\/fr\/brasilcapoeira\/mestre-matias\/#primaryimage\"},\"datePublished\":\"2019-09-10T07:06:28+00:00\",\"dateModified\":\"2019-09-10T07:06:41+00:00\",\"description\":\"Ce site informe sur l'histoire de la Capoeira, sur l'\\u00e9cole Brasil Capoeira Biel\/Bienne et sur nos cours, workshops, \\u00e9v\\u00e8nements et shows de Capoeira.\",\"breadcrumb\":{\"@id\":\"https:\/\/brasilcapoeira-biel.com\/fr\/brasilcapoeira\/mestre-matias\/#breadcrumb\"},\"inLanguage\":\"de\",\"potentialAction\":[{\"@type\":\"ReadAction\",\"target\":[\"https:\/\/brasilcapoeira-biel.com\/fr\/brasilcapoeira\/mestre-matias\/\"]}]},{\"@type\":\"BreadcrumbList\",\"@id\":\"https:\/\/brasilcapoeira-biel.com\/fr\/brasilcapoeira\/mestre-matias\/#breadcrumb\",\"itemListElement\":[{\"@type\":\"ListItem\",\"position\":1,\"item\":{\"@type\":\"WebPage\",\"@id\":\"https:\/\/brasilcapoeira-biel.com\/fr\/\",\"url\":\"https:\/\/brasilcapoeira-biel.com\/fr\/\",\"name\":\"Startseite\"}},{\"@type\":\"ListItem\",\"position\":2,\"item\":{\"@type\":\"WebPage\",\"@id\":\"https:\/\/brasilcapoeira-biel.com\/fr\/brasilcapoeira\/\",\"url\":\"https:\/\/brasilcapoeira-biel.com\/fr\/brasilcapoeira\/\",\"name\":\"\\u00c9cole Brasil Capoeira\"}},{\"@type\":\"ListItem\",\"position\":3,\"item\":{\"@id\":\"https:\/\/brasilcapoeira-biel.com\/fr\/brasilcapoeira\/mestre-matias\/#webpage\"}}]}]}<\/script>\n<!-- \/ Yoast SEO plugin. -->","_links":{"self":[{"href":"https:\/\/brasilcapoeira-biel.com\/fr\/wp-json\/wp\/v2\/pages\/37","targetHints":{"allow":["GET"]}}],"collection":[{"href":"https:\/\/brasilcapoeira-biel.com\/fr\/wp-json\/wp\/v2\/pages"}],"about":[{"href":"https:\/\/brasilcapoeira-biel.com\/fr\/wp-json\/wp\/v2\/types\/page"}],"author":[{"embeddable":true,"href":"https:\/\/brasilcapoeira-biel.com\/fr\/wp-json\/wp\/v2\/users\/1"}],"replies":[{"embeddable":true,"href":"https:\/\/brasilcapoeira-biel.com\/fr\/wp-json\/wp\/v2\/comments?post=37"}],"version-history":[{"count":1,"href":"https:\/\/brasilcapoeira-biel.com\/fr\/wp-json\/wp\/v2\/pages\/37\/revisions"}],"predecessor-version":[{"id":38,"href":"https:\/\/brasilcapoeira-biel.com\/fr\/wp-json\/wp\/v2\/pages\/37\/revisions\/38"}],"up":[{"embeddable":true,"href":"https:\/\/brasilcapoeira-biel.com\/fr\/wp-json\/wp\/v2\/pages\/29"}],"wp:attachment":[{"href":"https:\/\/brasilcapoeira-biel.com\/fr\/wp-json\/wp\/v2\/media?parent=37"}],"curies":[{"name":"wp","href":"https:\/\/api.w.org\/{rel}","templated":true}]}}