{"id":40,"date":"2019-09-10T09:33:25","date_gmt":"2019-09-10T07:33:25","guid":{"rendered":"https:\/\/brasilcapoeira-biel.com\/fr\/?page_id=40"},"modified":"2025-03-11T09:38:50","modified_gmt":"2025-03-11T08:38:50","slug":"systeme-de-graduation","status":"publish","type":"page","link":"https:\/\/brasilcapoeira-biel.com\/fr\/brasilcapoeira\/systeme-de-graduation\/","title":{"rendered":"Syst\u00e8me de graduation"},"content":{"rendered":"\r\n<p>Brasil capoeira dispose d\u2019un syst\u00e8me de graduation pour enfants et pour adultes. Les jeunes de 16\u00a0\u00e0 18 ans pourront passer un examen qui d\u00e9terminera quelle graduation adulte leur correspond le mieux. Les enfants et les adultes re\u00e7oivent leurs ceintures en fonction de leurs progr\u00e8s, les aptitudes requises et de leurs connaissances dans les domaines du mouvement, de la musique et de l\u2019histoire. S\u2019ajoute \u00e9galement \u00e0 cela leurs int\u00e9r\u00eats personnels et leurs engagements dans le groupe. Le syst\u00e8me de graduation est fait des couleurs de la nature dans l\u2019ordre suivant\u00a0: L\u2019or, le soleil, la mer, la jungle, l\u2019am\u00e9thyste, la terre et le rubis.<\/p>\r\n\r\n\r\n\r\n<div class=\"wp-block-image\">\r\n<figure class=\"aligncenter\"><img decoding=\"async\" src=\"https:\/\/brasilcapoeira-biel.com\/de\/wp-content\/uploads\/sites\/2\/2019\/07\/cordas-2.png\" alt=\"\" \/>\r\n<figcaption>Les couleurs de la nature : L\u2019or, le soleil, la mer, la jungle, l\u2019am\u00e9thyste, la terre et le rubis.<\/figcaption>\r\n<\/figure>\r\n<\/div>\r\n\r\n<p>(Les syst\u00e8mes de graduation sont disponibles que en allemand)<\/p>\r\n<p><img fetchpriority=\"high\" decoding=\"async\" class=\"alignnone size-large wp-image-479\" src=\"https:\/\/brasilcapoeira-biel.com\/fr\/wp-content\/uploads\/sites\/3\/2025\/03\/Gurtsystem_Kinder_DE-724x1024.png\" alt=\"\" width=\"640\" height=\"905\" srcset=\"https:\/\/brasilcapoeira-biel.com\/fr\/wp-content\/uploads\/sites\/3\/2025\/03\/Gurtsystem_Kinder_DE-724x1024.png 724w, https:\/\/brasilcapoeira-biel.com\/fr\/wp-content\/uploads\/sites\/3\/2025\/03\/Gurtsystem_Kinder_DE-212x300.png 212w, https:\/\/brasilcapoeira-biel.com\/fr\/wp-content\/uploads\/sites\/3\/2025\/03\/Gurtsystem_Kinder_DE-768x1086.png 768w, https:\/\/brasilcapoeira-biel.com\/fr\/wp-content\/uploads\/sites\/3\/2025\/03\/Gurtsystem_Kinder_DE-1086x1536.png 1086w, https:\/\/brasilcapoeira-biel.com\/fr\/wp-content\/uploads\/sites\/3\/2025\/03\/Gurtsystem_Kinder_DE-1448x2048.png 1448w\" sizes=\"(max-width: 640px) 100vw, 640px\" \/><\/p>\r\n<h2>Syst\u00e8me de graduation pour les adultes<\/h2>\r\n<p><a href=\"https:\/\/brasilcapoeira-biel.com\/fr\/wp-content\/uploads\/sites\/3\/2025\/03\/Cordas_Voraussetzungen_DE.pdf\" target=\"_blank\" rel=\"noopener\">Ici<\/a>, tu peux consulter les pr\u00e9requis pour les ceintures des adultes. (En allemand)<\/p>\r\n<p><img decoding=\"async\" class=\"alignnone size-large wp-image-480\" src=\"https:\/\/brasilcapoeira-biel.com\/fr\/wp-content\/uploads\/sites\/3\/2025\/03\/Gurtsystem_DE-724x1024.png\" alt=\"\" width=\"640\" height=\"905\" srcset=\"https:\/\/brasilcapoeira-biel.com\/fr\/wp-content\/uploads\/sites\/3\/2025\/03\/Gurtsystem_DE-724x1024.png 724w, https:\/\/brasilcapoeira-biel.com\/fr\/wp-content\/uploads\/sites\/3\/2025\/03\/Gurtsystem_DE-212x300.png 212w, https:\/\/brasilcapoeira-biel.com\/fr\/wp-content\/uploads\/sites\/3\/2025\/03\/Gurtsystem_DE-768x1086.png 768w, https:\/\/brasilcapoeira-biel.com\/fr\/wp-content\/uploads\/sites\/3\/2025\/03\/Gurtsystem_DE-1086x1536.png 1086w, https:\/\/brasilcapoeira-biel.com\/fr\/wp-content\/uploads\/sites\/3\/2025\/03\/Gurtsystem_DE-1448x2048.png 1448w\" sizes=\"(max-width: 640px) 100vw, 640px\" \/><\/p>","protected":false},"excerpt":{"rendered":"<p>Brasil capoeira dispose d\u2019un syst\u00e8me de graduation pour enfants et pour adultes. Les jeunes de 16\u00a0\u00e0 18 ans pourront passer un examen qui d\u00e9terminera quelle graduation adulte leur correspond le mieux. Les enfants et les adultes re\u00e7oivent leurs ceintures en fonction de leurs progr\u00e8s, les aptitudes requises et de leurs connaissances dans les domaines du [&hellip;]<\/p>\n","protected":false},"author":1,"featured_media":0,"parent":29,"menu_order":0,"comment_status":"closed","ping_status":"closed","template":"","meta":{"footnotes":""},"class_list":["post-40","page","type-page","status-publish","hentry"],"yoast_head":"<!-- This site is optimized with the Yoast SEO plugin v16.2 - https:\/\/yoast.com\/wordpress\/plugins\/seo\/ -->\n<title>Syst\u00e8me de graduation &raquo; Brasil Capoeira Biel\/Bienne<\/title>\n<meta name=\"description\" content=\"Ce site informe sur l&#039;histoire de la Capoeira, sur l&#039;\u00e9cole Brasil Capoeira Biel\/Bienne et sur nos cours, workshops, \u00e9v\u00e8nements et shows de Capoeira.\" \/>\n<meta name=\"robots\" content=\"index, follow, max-snippet:-1, max-image-preview:large, max-video-preview:-1\" \/>\n<link rel=\"canonical\" href=\"https:\/\/brasilcapoeira-biel.com\/fr\/brasilcapoeira\/systeme-de-graduation\/\" \/>\n<meta property=\"og:locale\" content=\"de_DE\" \/>\n<meta property=\"og:type\" content=\"article\" \/>\n<meta property=\"og:title\" content=\"Syst\u00e8me de graduation &raquo; Brasil Capoeira Biel\/Bienne\" \/>\n<meta property=\"og:description\" content=\"Ce site informe sur l&#039;histoire de la Capoeira, sur l&#039;\u00e9cole Brasil Capoeira Biel\/Bienne et sur nos cours, workshops, \u00e9v\u00e8nements et shows de Capoeira.\" \/>\n<meta property=\"og:url\" content=\"https:\/\/brasilcapoeira-biel.com\/fr\/brasilcapoeira\/systeme-de-graduation\/\" \/>\n<meta property=\"og:site_name\" content=\"Brasil Capoeira Biel\/Bienne\" \/>\n<meta property=\"article:publisher\" content=\"https:\/\/www.facebook.com\/brasilcapoeirabienne\/\" \/>\n<meta property=\"article:modified_time\" content=\"2025-03-11T08:38:50+00:00\" \/>\n<meta property=\"og:image\" content=\"https:\/\/brasilcapoeira-biel.com\/de\/wp-content\/uploads\/sites\/2\/2019\/07\/cordas-2.png\" \/>\n<meta name=\"twitter:card\" content=\"summary_large_image\" \/>\n<meta name=\"twitter:label1\" content=\"Gesch\u00e4tzte Lesezeit\">\n\t<meta name=\"twitter:data1\" content=\"2\u00a0Minuten\">\n<script type=\"application\/ld+json\" class=\"yoast-schema-graph\">{\"@context\":\"https:\/\/schema.org\",\"@graph\":[{\"@type\":\"Organization\",\"@id\":\"https:\/\/brasilcapoeira-biel.com\/fr\/#organization\",\"name\":\"Brasil Capoeira Biel\/Bienne\",\"url\":\"https:\/\/brasilcapoeira-biel.com\/fr\/\",\"sameAs\":[\"https:\/\/www.facebook.com\/brasilcapoeirabienne\/\",\"https:\/\/www.instagram.com\/brasilcapoeira.bielbienne\/\",\"https:\/\/www.youtube.com\/user\/ABCapoeiraMineiro\/\"],\"logo\":{\"@type\":\"ImageObject\",\"@id\":\"https:\/\/brasilcapoeira-biel.com\/fr\/#logo\",\"inLanguage\":\"de\",\"url\":\"https:\/\/brasilcapoeira-biel.com\/fr\/wp-content\/uploads\/sites\/3\/2019\/08\/Logo-MINEIRO-neu-e1565340794429.png\",\"contentUrl\":\"https:\/\/brasilcapoeira-biel.com\/fr\/wp-content\/uploads\/sites\/3\/2019\/08\/Logo-MINEIRO-neu-e1565340794429.png\",\"width\":200,\"height\":110,\"caption\":\"Brasil Capoeira Biel\/Bienne\"},\"image\":{\"@id\":\"https:\/\/brasilcapoeira-biel.com\/fr\/#logo\"}},{\"@type\":\"WebSite\",\"@id\":\"https:\/\/brasilcapoeira-biel.com\/fr\/#website\",\"url\":\"https:\/\/brasilcapoeira-biel.com\/fr\/\",\"name\":\"Brasil Capoeira Biel\/Bienne\",\"description\":\"Home\",\"publisher\":{\"@id\":\"https:\/\/brasilcapoeira-biel.com\/fr\/#organization\"},\"potentialAction\":[{\"@type\":\"SearchAction\",\"target\":\"https:\/\/brasilcapoeira-biel.com\/fr\/?s={search_term_string}\",\"query-input\":\"required name=search_term_string\"}],\"inLanguage\":\"de\"},{\"@type\":\"ImageObject\",\"@id\":\"https:\/\/brasilcapoeira-biel.com\/fr\/brasilcapoeira\/systeme-de-graduation\/#primaryimage\",\"inLanguage\":\"de\",\"url\":\"https:\/\/brasilcapoeira-biel.com\/de\/wp-content\/uploads\/sites\/2\/2019\/07\/cordas-2.png\",\"contentUrl\":\"https:\/\/brasilcapoeira-biel.com\/de\/wp-content\/uploads\/sites\/2\/2019\/07\/cordas-2.png\"},{\"@type\":\"WebPage\",\"@id\":\"https:\/\/brasilcapoeira-biel.com\/fr\/brasilcapoeira\/systeme-de-graduation\/#webpage\",\"url\":\"https:\/\/brasilcapoeira-biel.com\/fr\/brasilcapoeira\/systeme-de-graduation\/\",\"name\":\"Syst\\u00e8me de graduation &raquo; Brasil Capoeira Biel\/Bienne\",\"isPartOf\":{\"@id\":\"https:\/\/brasilcapoeira-biel.com\/fr\/#website\"},\"primaryImageOfPage\":{\"@id\":\"https:\/\/brasilcapoeira-biel.com\/fr\/brasilcapoeira\/systeme-de-graduation\/#primaryimage\"},\"datePublished\":\"2019-09-10T07:33:25+00:00\",\"dateModified\":\"2025-03-11T08:38:50+00:00\",\"description\":\"Ce site informe sur l'histoire de la Capoeira, sur l'\\u00e9cole Brasil Capoeira Biel\/Bienne et sur nos cours, workshops, \\u00e9v\\u00e8nements et shows de Capoeira.\",\"breadcrumb\":{\"@id\":\"https:\/\/brasilcapoeira-biel.com\/fr\/brasilcapoeira\/systeme-de-graduation\/#breadcrumb\"},\"inLanguage\":\"de\",\"potentialAction\":[{\"@type\":\"ReadAction\",\"target\":[\"https:\/\/brasilcapoeira-biel.com\/fr\/brasilcapoeira\/systeme-de-graduation\/\"]}]},{\"@type\":\"BreadcrumbList\",\"@id\":\"https:\/\/brasilcapoeira-biel.com\/fr\/brasilcapoeira\/systeme-de-graduation\/#breadcrumb\",\"itemListElement\":[{\"@type\":\"ListItem\",\"position\":1,\"item\":{\"@type\":\"WebPage\",\"@id\":\"https:\/\/brasilcapoeira-biel.com\/fr\/\",\"url\":\"https:\/\/brasilcapoeira-biel.com\/fr\/\",\"name\":\"Startseite\"}},{\"@type\":\"ListItem\",\"position\":2,\"item\":{\"@type\":\"WebPage\",\"@id\":\"https:\/\/brasilcapoeira-biel.com\/fr\/brasilcapoeira\/\",\"url\":\"https:\/\/brasilcapoeira-biel.com\/fr\/brasilcapoeira\/\",\"name\":\"\\u00c9cole Brasil Capoeira\"}},{\"@type\":\"ListItem\",\"position\":3,\"item\":{\"@id\":\"https:\/\/brasilcapoeira-biel.com\/fr\/brasilcapoeira\/systeme-de-graduation\/#webpage\"}}]}]}<\/script>\n<!-- \/ Yoast SEO plugin. -->","_links":{"self":[{"href":"https:\/\/brasilcapoeira-biel.com\/fr\/wp-json\/wp\/v2\/pages\/40","targetHints":{"allow":["GET"]}}],"collection":[{"href":"https:\/\/brasilcapoeira-biel.com\/fr\/wp-json\/wp\/v2\/pages"}],"about":[{"href":"https:\/\/brasilcapoeira-biel.com\/fr\/wp-json\/wp\/v2\/types\/page"}],"author":[{"embeddable":true,"href":"https:\/\/brasilcapoeira-biel.com\/fr\/wp-json\/wp\/v2\/users\/1"}],"replies":[{"embeddable":true,"href":"https:\/\/brasilcapoeira-biel.com\/fr\/wp-json\/wp\/v2\/comments?post=40"}],"version-history":[{"count":3,"href":"https:\/\/brasilcapoeira-biel.com\/fr\/wp-json\/wp\/v2\/pages\/40\/revisions"}],"predecessor-version":[{"id":482,"href":"https:\/\/brasilcapoeira-biel.com\/fr\/wp-json\/wp\/v2\/pages\/40\/revisions\/482"}],"up":[{"embeddable":true,"href":"https:\/\/brasilcapoeira-biel.com\/fr\/wp-json\/wp\/v2\/pages\/29"}],"wp:attachment":[{"href":"https:\/\/brasilcapoeira-biel.com\/fr\/wp-json\/wp\/v2\/media?parent=40"}],"curies":[{"name":"wp","href":"https:\/\/api.w.org\/{rel}","templated":true}]}}