{"id":73,"date":"2019-09-13T11:04:57","date_gmt":"2019-09-13T09:04:57","guid":{"rendered":"https:\/\/brasilcapoeira-biel.com\/fr\/?page_id=73"},"modified":"2025-01-09T11:39:55","modified_gmt":"2025-01-09T10:39:55","slug":"inscription-conditions-generales","status":"publish","type":"page","link":"https:\/\/brasilcapoeira-biel.com\/fr\/cours\/inscription-conditions-generales\/","title":{"rendered":"Inscription &#038; Conditions g\u00e9n\u00e9rales"},"content":{"rendered":"\r\n<h1 class=\"wp-block-heading\">Inscription<\/h1>\r\n\r\n\r\n\r\n<h2 class=\"wp-block-heading\">Brasil Capoeira Biel\/Bienne (BCB)<\/h2>\r\n\r\n\r\n\r\n\r\n\r\n<p>L&#8217;inscription aux cours n&#8217;est possible qu&#8217;apr\u00e8s un entra\u00eenement d&#8217;essai.<br \/>Merci de t&#8217;inscrire d&#8217;abord \u00e0 un entra\u00eenement d&#8217;essai par t\u00e9l\u00e9phone, mail ou formulaire de contact.<\/p>\r\n<p>Le formulaire d&#8217;inscription aux cours r\u00e9guliers peut \u00eatre rempli en ligne ou sur place.<\/p>\r\n\r\n\r\n\r\n<p><a href=\"https:\/\/brasilcapoeira.webling.ch\/forms\/memberform\/ef9600b366faef8a54cf\" target=\"_blank\" rel=\"noopener\">Formulaire d&#8217;inscription<\/a><br \/><br \/><a href=\"https:\/\/brasilcapoeira-biel.com\/fr\/wp-content\/uploads\/sites\/3\/2024\/04\/Interruption-abo.pdf\" target=\"_blank\" rel=\"noreferrer noopener\" aria-label=\"Interruption d'un abonnement (\u00f6ffnet in neuem Tab)\">Interruption d&#8217;un abonnement<\/a><br \/><br \/><a href=\"https:\/\/brasilcapoeira-biel.com\/fr\/wp-content\/uploads\/sites\/3\/2024\/04\/Conditions-generales_bcb.pdf\" target=\"_blank\" rel=\"noreferrer noopener\" aria-label=\"Conditions g\u00e9n\u00e9rales (\u00f6ffnet in neuem Tab)\">Conditions g\u00e9n\u00e9rales<\/a><\/p>\r\n\r\n\r\n\r\n<p>&nbsp;<\/p>\r\n","protected":false},"excerpt":{"rendered":"<p>Inscription Brasil Capoeira Biel\/Bienne (BCB) L&#8217;inscription aux cours n&#8217;est possible qu&#8217;apr\u00e8s un entra\u00eenement d&#8217;essai.Merci de t&#8217;inscrire d&#8217;abord \u00e0 un entra\u00eenement d&#8217;essai par t\u00e9l\u00e9phone, mail ou formulaire de contact. Le formulaire d&#8217;inscription aux cours r\u00e9guliers peut \u00eatre rempli en ligne ou sur place. Formulaire d&#8217;inscription Interruption d&#8217;un abonnement Conditions g\u00e9n\u00e9rales<\/p>\n","protected":false},"author":1,"featured_media":0,"parent":42,"menu_order":0,"comment_status":"closed","ping_status":"closed","template":"","meta":{"footnotes":""},"class_list":["post-73","page","type-page","status-publish","hentry"],"yoast_head":"<!-- This site is optimized with the Yoast SEO plugin v16.2 - https:\/\/yoast.com\/wordpress\/plugins\/seo\/ -->\n<title>Inscription &#038; Conditions g\u00e9n\u00e9rales &raquo; Brasil Capoeira Biel\/Bienne<\/title>\n<meta name=\"description\" content=\"Ce site informe sur l&#039;histoire de la Capoeira, sur l&#039;\u00e9cole Brasil Capoeira Biel\/Bienne et sur nos cours, workshops, \u00e9v\u00e8nements et shows de Capoeira.\" \/>\n<meta name=\"robots\" content=\"index, follow, max-snippet:-1, max-image-preview:large, max-video-preview:-1\" \/>\n<link rel=\"canonical\" href=\"https:\/\/brasilcapoeira-biel.com\/fr\/cours\/inscription-conditions-generales\/\" \/>\n<meta property=\"og:locale\" content=\"de_DE\" \/>\n<meta property=\"og:type\" content=\"article\" \/>\n<meta property=\"og:title\" content=\"Inscription &#038; Conditions g\u00e9n\u00e9rales &raquo; Brasil Capoeira Biel\/Bienne\" \/>\n<meta property=\"og:description\" content=\"Ce site informe sur l&#039;histoire de la Capoeira, sur l&#039;\u00e9cole Brasil Capoeira Biel\/Bienne et sur nos cours, workshops, \u00e9v\u00e8nements et shows de Capoeira.\" \/>\n<meta property=\"og:url\" content=\"https:\/\/brasilcapoeira-biel.com\/fr\/cours\/inscription-conditions-generales\/\" \/>\n<meta property=\"og:site_name\" content=\"Brasil Capoeira Biel\/Bienne\" \/>\n<meta property=\"article:publisher\" content=\"https:\/\/www.facebook.com\/brasilcapoeirabienne\/\" \/>\n<meta property=\"article:modified_time\" content=\"2025-01-09T10:39:55+00:00\" \/>\n<meta name=\"twitter:card\" content=\"summary_large_image\" \/>\n<meta name=\"twitter:label1\" content=\"Gesch\u00e4tzte Lesezeit\">\n\t<meta name=\"twitter:data1\" content=\"1\u00a0Minute\">\n<script type=\"application\/ld+json\" class=\"yoast-schema-graph\">{\"@context\":\"https:\/\/schema.org\",\"@graph\":[{\"@type\":\"Organization\",\"@id\":\"https:\/\/brasilcapoeira-biel.com\/fr\/#organization\",\"name\":\"Brasil Capoeira Biel\/Bienne\",\"url\":\"https:\/\/brasilcapoeira-biel.com\/fr\/\",\"sameAs\":[\"https:\/\/www.facebook.com\/brasilcapoeirabienne\/\",\"https:\/\/www.instagram.com\/brasilcapoeira.bielbienne\/\",\"https:\/\/www.youtube.com\/user\/ABCapoeiraMineiro\/\"],\"logo\":{\"@type\":\"ImageObject\",\"@id\":\"https:\/\/brasilcapoeira-biel.com\/fr\/#logo\",\"inLanguage\":\"de\",\"url\":\"https:\/\/brasilcapoeira-biel.com\/fr\/wp-content\/uploads\/sites\/3\/2019\/08\/Logo-MINEIRO-neu-e1565340794429.png\",\"contentUrl\":\"https:\/\/brasilcapoeira-biel.com\/fr\/wp-content\/uploads\/sites\/3\/2019\/08\/Logo-MINEIRO-neu-e1565340794429.png\",\"width\":200,\"height\":110,\"caption\":\"Brasil Capoeira Biel\/Bienne\"},\"image\":{\"@id\":\"https:\/\/brasilcapoeira-biel.com\/fr\/#logo\"}},{\"@type\":\"WebSite\",\"@id\":\"https:\/\/brasilcapoeira-biel.com\/fr\/#website\",\"url\":\"https:\/\/brasilcapoeira-biel.com\/fr\/\",\"name\":\"Brasil Capoeira Biel\/Bienne\",\"description\":\"Home\",\"publisher\":{\"@id\":\"https:\/\/brasilcapoeira-biel.com\/fr\/#organization\"},\"potentialAction\":[{\"@type\":\"SearchAction\",\"target\":\"https:\/\/brasilcapoeira-biel.com\/fr\/?s={search_term_string}\",\"query-input\":\"required name=search_term_string\"}],\"inLanguage\":\"de\"},{\"@type\":\"WebPage\",\"@id\":\"https:\/\/brasilcapoeira-biel.com\/fr\/cours\/inscription-conditions-generales\/#webpage\",\"url\":\"https:\/\/brasilcapoeira-biel.com\/fr\/cours\/inscription-conditions-generales\/\",\"name\":\"Inscription &#038; Conditions g\\u00e9n\\u00e9rales &raquo; Brasil Capoeira Biel\/Bienne\",\"isPartOf\":{\"@id\":\"https:\/\/brasilcapoeira-biel.com\/fr\/#website\"},\"datePublished\":\"2019-09-13T09:04:57+00:00\",\"dateModified\":\"2025-01-09T10:39:55+00:00\",\"description\":\"Ce site informe sur l'histoire de la Capoeira, sur l'\\u00e9cole Brasil Capoeira Biel\/Bienne et sur nos cours, workshops, \\u00e9v\\u00e8nements et shows de Capoeira.\",\"breadcrumb\":{\"@id\":\"https:\/\/brasilcapoeira-biel.com\/fr\/cours\/inscription-conditions-generales\/#breadcrumb\"},\"inLanguage\":\"de\",\"potentialAction\":[{\"@type\":\"ReadAction\",\"target\":[\"https:\/\/brasilcapoeira-biel.com\/fr\/cours\/inscription-conditions-generales\/\"]}]},{\"@type\":\"BreadcrumbList\",\"@id\":\"https:\/\/brasilcapoeira-biel.com\/fr\/cours\/inscription-conditions-generales\/#breadcrumb\",\"itemListElement\":[{\"@type\":\"ListItem\",\"position\":1,\"item\":{\"@type\":\"WebPage\",\"@id\":\"https:\/\/brasilcapoeira-biel.com\/fr\/\",\"url\":\"https:\/\/brasilcapoeira-biel.com\/fr\/\",\"name\":\"Startseite\"}},{\"@type\":\"ListItem\",\"position\":2,\"item\":{\"@type\":\"WebPage\",\"@id\":\"https:\/\/brasilcapoeira-biel.com\/fr\/cours\/\",\"url\":\"https:\/\/brasilcapoeira-biel.com\/fr\/cours\/\",\"name\":\"Cours \\u00e0 Bienne\"}},{\"@type\":\"ListItem\",\"position\":3,\"item\":{\"@id\":\"https:\/\/brasilcapoeira-biel.com\/fr\/cours\/inscription-conditions-generales\/#webpage\"}}]}]}<\/script>\n<!-- \/ Yoast SEO plugin. -->","_links":{"self":[{"href":"https:\/\/brasilcapoeira-biel.com\/fr\/wp-json\/wp\/v2\/pages\/73","targetHints":{"allow":["GET"]}}],"collection":[{"href":"https:\/\/brasilcapoeira-biel.com\/fr\/wp-json\/wp\/v2\/pages"}],"about":[{"href":"https:\/\/brasilcapoeira-biel.com\/fr\/wp-json\/wp\/v2\/types\/page"}],"author":[{"embeddable":true,"href":"https:\/\/brasilcapoeira-biel.com\/fr\/wp-json\/wp\/v2\/users\/1"}],"replies":[{"embeddable":true,"href":"https:\/\/brasilcapoeira-biel.com\/fr\/wp-json\/wp\/v2\/comments?post=73"}],"version-history":[{"count":15,"href":"https:\/\/brasilcapoeira-biel.com\/fr\/wp-json\/wp\/v2\/pages\/73\/revisions"}],"predecessor-version":[{"id":458,"href":"https:\/\/brasilcapoeira-biel.com\/fr\/wp-json\/wp\/v2\/pages\/73\/revisions\/458"}],"up":[{"embeddable":true,"href":"https:\/\/brasilcapoeira-biel.com\/fr\/wp-json\/wp\/v2\/pages\/42"}],"wp:attachment":[{"href":"https:\/\/brasilcapoeira-biel.com\/fr\/wp-json\/wp\/v2\/media?parent=73"}],"curies":[{"name":"wp","href":"https:\/\/api.w.org\/{rel}","templated":true}]}}