{"id":79,"date":"2019-09-18T15:57:25","date_gmt":"2019-09-18T13:57:25","guid":{"rendered":"https:\/\/brasilcapoeira-biel.com\/fr\/?page_id=79"},"modified":"2025-01-09T11:44:03","modified_gmt":"2025-01-09T10:44:03","slug":"workshops-shows","status":"publish","type":"page","link":"https:\/\/brasilcapoeira-biel.com\/fr\/workshops-shows\/","title":{"rendered":"Cours d\u2019initiation &#038; Shows"},"content":{"rendered":"\r\n<h3 class=\"wp-block-heading\">Cours d&#8217;initiation<\/h3>\r\n\r\n\r\n\r\n<p>L\u2019\u00e9cole Brasil Capoeira organise des workshops sur le th\u00e8me de la capoeira\u00a0; la musique et la culture afro-br\u00e9silienne\u00a0; les acrobaties et la self d\u00e9fense sous forme de cours pour les entreprises et les priv\u00e9s. Nos workshops contiennent les bases de capoeira en mouvement et en musique, beaucoup de plaisir avec le groupe et un grand \u00e9change social. (Ouvert \u00e0 d\u2019autre propositions comme cit\u00e9 plus haut).<br \/>R\u00e9server maintenant un workshop pour votre \u00e9v\u00e8nement et faites partager cet art magique a d\u2019autre personnes.<\/p>\r\n\r\n\r\n\r\n<div class=\"wp-block-image\">\r\n<figure class=\"aligncenter is-resized\"><img fetchpriority=\"high\" decoding=\"async\" class=\"wp-image-283\" src=\"https:\/\/brasilcapoeira-biel.com\/de\/wp-content\/uploads\/sites\/2\/2019\/08\/show-1024x741.jpg\" alt=\"\" width=\"362\" height=\"262\" \/><\/figure>\r\n<\/div>\r\n\r\n\r\n\r\n<h3 class=\"wp-block-heading\">Shows<\/h3>\r\n\r\n\r\n\r\n<p>Nous proposons diff\u00e9rentes d\u00e9monstrations comme par exemple: des d\u00e9monstrations avec un groupe m\u00e9lang\u00e9 des artistes et des \u00e9l\u00e8ves pour les petites manifestations comme les f\u00eates de quartiers\u00a0; des d\u00e9monstrations semi-professionnelles avec un plus grand nombre d\u2019artistes professionnels\u00a0; des d\u00e9monstrations professionnelles avec les meilleurs artistes\u00a0!<br \/>Toutes nos d\u00e9monstrations offrent des moments inoubliables et attirent l\u2019attention des manifestants sur la musique, la danse, les acrobaties et l\u2019art martial\u00a0!<br \/>R\u00e9server maintenant une d\u00e9monstration pour l\u2019une de vos manifestations et partager de l\u2019extase de nos spectacles.<\/p>\r\n\r\n\r\n\r\n<div class=\"wp-block-spacer\" style=\"height: 50px;\" aria-hidden=\"true\">\u00a0<\/div>\r\n\r\n\r\n\r\n<p>Kontakt:<\/p>\r\n\r\n\r\n\r\n<p>Mineiro (Janko Richter)<br \/>Tel. 077 438 74 34<br \/><a href=\"mailto: bc-mineiro@hotmail.com\">E-Mail:<\/a> bc-mineiro@hotmail.com<\/p>\r\n\r\n\r\n\r\n<ul class=\"wp-block-gallery columns-2 is-cropped wp-block-gallery-1 is-layout-flex wp-block-gallery-is-layout-flex\">\r\n<li class=\"blocks-gallery-item\">\r\n<figure><img decoding=\"async\" class=\"wp-image-285\" src=\"https:\/\/brasilcapoeira-biel.com\/de\/wp-content\/uploads\/sites\/2\/2019\/08\/IMG-20180707-WA0005.jpg\" alt=\"\" data-id=\"285\" data-link=\"https:\/\/brasilcapoeira-biel.com\/de\/workshops-shows\/img-20180707-wa0005\/\" \/><\/figure>\r\n<\/li>\r\n<li class=\"blocks-gallery-item\">\r\n<figure><img decoding=\"async\" class=\"wp-image-286\" src=\"https:\/\/brasilcapoeira-biel.com\/de\/wp-content\/uploads\/sites\/2\/2019\/08\/IMG-20180909-WA0026-1024x768.jpg\" alt=\"\" data-id=\"286\" data-link=\"https:\/\/brasilcapoeira-biel.com\/de\/workshops-shows\/img-20180909-wa0026\/\" \/><\/figure>\r\n<\/li>\r\n<li class=\"blocks-gallery-item\">\r\n<figure><img decoding=\"async\" class=\"wp-image-287\" src=\"https:\/\/brasilcapoeira-biel.com\/de\/wp-content\/uploads\/sites\/2\/2019\/08\/IMG-20190512-WA0011.jpg\" alt=\"\" data-id=\"287\" data-link=\"https:\/\/brasilcapoeira-biel.com\/de\/workshops-shows\/img-20190512-wa0011\/\" \/><\/figure>\r\n<\/li>\r\n<li class=\"blocks-gallery-item\">\r\n<figure><img decoding=\"async\" class=\"wp-image-288\" src=\"https:\/\/brasilcapoeira-biel.com\/de\/wp-content\/uploads\/sites\/2\/2019\/08\/IMG-20190727-WA0033-1024x768.jpg\" alt=\"\" data-id=\"288\" data-link=\"https:\/\/brasilcapoeira-biel.com\/de\/workshops-shows\/img-20190727-wa0033\/\" \/><\/figure>\r\n<\/li>\r\n<li class=\"blocks-gallery-item\">\r\n<figure><img decoding=\"async\" class=\"wp-image-289\" src=\"https:\/\/brasilcapoeira-biel.com\/de\/wp-content\/uploads\/sites\/2\/2019\/08\/IMG-20180711-WA0004-1024x768.jpg\" alt=\"\" data-id=\"289\" data-link=\"https:\/\/brasilcapoeira-biel.com\/de\/workshops-shows\/img-20180711-wa0004\/\" \/><\/figure>\r\n<\/li>\r\n<li class=\"blocks-gallery-item\">\r\n<figure><img decoding=\"async\" class=\"wp-image-290\" src=\"https:\/\/brasilcapoeira-biel.com\/de\/wp-content\/uploads\/sites\/2\/2019\/08\/18050_6044-1024x683.jpg\" alt=\"\" data-id=\"290\" data-link=\"https:\/\/brasilcapoeira-biel.com\/de\/workshops-shows\/18050_6044\/\" \/><\/figure>\r\n<\/li>\r\n<\/ul>\r\n","protected":false},"excerpt":{"rendered":"<p>Cours d&#8217;initiation L\u2019\u00e9cole Brasil Capoeira organise des workshops sur le th\u00e8me de la capoeira\u00a0; la musique et la culture afro-br\u00e9silienne\u00a0; les acrobaties et la self d\u00e9fense sous forme de cours pour les entreprises et les priv\u00e9s. Nos workshops contiennent les bases de capoeira en mouvement et en musique, beaucoup de plaisir avec le groupe et [&hellip;]<\/p>\n","protected":false},"author":1,"featured_media":0,"parent":0,"menu_order":0,"comment_status":"closed","ping_status":"closed","template":"","meta":{"footnotes":""},"class_list":["post-79","page","type-page","status-publish","hentry"],"yoast_head":"<!-- This site is optimized with the Yoast SEO plugin v16.2 - https:\/\/yoast.com\/wordpress\/plugins\/seo\/ -->\n<title>Ateliers &amp; Spectacles \u00e0 Bienne \u2013 Vivez la magie de la Capoeira<\/title>\n<meta name=\"description\" content=\"Participez \u00e0 nos ateliers et spectacles de Capoeira \u00e0 Bienne\u202f! Une exp\u00e9rience unique m\u00ealant musique, danse et art martial br\u00e9silien. R\u00e9servez maintenant\u202f!\" \/>\n<meta name=\"robots\" content=\"index, follow, max-snippet:-1, max-image-preview:large, max-video-preview:-1\" \/>\n<link rel=\"canonical\" href=\"https:\/\/brasilcapoeira-biel.com\/fr\/workshops-shows\/\" \/>\n<meta property=\"og:locale\" content=\"de_DE\" \/>\n<meta property=\"og:type\" content=\"article\" \/>\n<meta property=\"og:title\" content=\"Ateliers &amp; Spectacles \u00e0 Bienne \u2013 Vivez la magie de la Capoeira\" \/>\n<meta property=\"og:description\" content=\"Participez \u00e0 nos ateliers et spectacles de Capoeira \u00e0 Bienne\u202f! Une exp\u00e9rience unique m\u00ealant musique, danse et art martial br\u00e9silien. R\u00e9servez maintenant\u202f!\" \/>\n<meta property=\"og:url\" content=\"https:\/\/brasilcapoeira-biel.com\/fr\/workshops-shows\/\" \/>\n<meta property=\"og:site_name\" content=\"Brasil Capoeira Biel\/Bienne\" \/>\n<meta property=\"article:publisher\" content=\"https:\/\/www.facebook.com\/brasilcapoeirabienne\/\" \/>\n<meta property=\"article:modified_time\" content=\"2025-01-09T10:44:03+00:00\" \/>\n<meta property=\"og:image\" content=\"https:\/\/brasilcapoeira-biel.com\/de\/wp-content\/uploads\/sites\/2\/2019\/08\/show-1024x741.jpg\" \/>\n<meta name=\"twitter:card\" content=\"summary_large_image\" \/>\n<meta name=\"twitter:label1\" content=\"Gesch\u00e4tzte Lesezeit\">\n\t<meta name=\"twitter:data1\" content=\"3\u00a0Minuten\">\n<script type=\"application\/ld+json\" class=\"yoast-schema-graph\">{\"@context\":\"https:\/\/schema.org\",\"@graph\":[{\"@type\":\"Organization\",\"@id\":\"https:\/\/brasilcapoeira-biel.com\/fr\/#organization\",\"name\":\"Brasil Capoeira Biel\/Bienne\",\"url\":\"https:\/\/brasilcapoeira-biel.com\/fr\/\",\"sameAs\":[\"https:\/\/www.facebook.com\/brasilcapoeirabienne\/\",\"https:\/\/www.instagram.com\/brasilcapoeira.bielbienne\/\",\"https:\/\/www.youtube.com\/user\/ABCapoeiraMineiro\/\"],\"logo\":{\"@type\":\"ImageObject\",\"@id\":\"https:\/\/brasilcapoeira-biel.com\/fr\/#logo\",\"inLanguage\":\"de\",\"url\":\"https:\/\/brasilcapoeira-biel.com\/fr\/wp-content\/uploads\/sites\/3\/2019\/08\/Logo-MINEIRO-neu-e1565340794429.png\",\"contentUrl\":\"https:\/\/brasilcapoeira-biel.com\/fr\/wp-content\/uploads\/sites\/3\/2019\/08\/Logo-MINEIRO-neu-e1565340794429.png\",\"width\":200,\"height\":110,\"caption\":\"Brasil Capoeira Biel\/Bienne\"},\"image\":{\"@id\":\"https:\/\/brasilcapoeira-biel.com\/fr\/#logo\"}},{\"@type\":\"WebSite\",\"@id\":\"https:\/\/brasilcapoeira-biel.com\/fr\/#website\",\"url\":\"https:\/\/brasilcapoeira-biel.com\/fr\/\",\"name\":\"Brasil Capoeira Biel\/Bienne\",\"description\":\"Home\",\"publisher\":{\"@id\":\"https:\/\/brasilcapoeira-biel.com\/fr\/#organization\"},\"potentialAction\":[{\"@type\":\"SearchAction\",\"target\":\"https:\/\/brasilcapoeira-biel.com\/fr\/?s={search_term_string}\",\"query-input\":\"required name=search_term_string\"}],\"inLanguage\":\"de\"},{\"@type\":\"ImageObject\",\"@id\":\"https:\/\/brasilcapoeira-biel.com\/fr\/workshops-shows\/#primaryimage\",\"inLanguage\":\"de\",\"url\":\"https:\/\/brasilcapoeira-biel.com\/de\/wp-content\/uploads\/sites\/2\/2019\/08\/show-1024x741.jpg\",\"contentUrl\":\"https:\/\/brasilcapoeira-biel.com\/de\/wp-content\/uploads\/sites\/2\/2019\/08\/show-1024x741.jpg\"},{\"@type\":\"WebPage\",\"@id\":\"https:\/\/brasilcapoeira-biel.com\/fr\/workshops-shows\/#webpage\",\"url\":\"https:\/\/brasilcapoeira-biel.com\/fr\/workshops-shows\/\",\"name\":\"Ateliers & Spectacles \\u00e0 Bienne \\u2013 Vivez la magie de la Capoeira\",\"isPartOf\":{\"@id\":\"https:\/\/brasilcapoeira-biel.com\/fr\/#website\"},\"primaryImageOfPage\":{\"@id\":\"https:\/\/brasilcapoeira-biel.com\/fr\/workshops-shows\/#primaryimage\"},\"datePublished\":\"2019-09-18T13:57:25+00:00\",\"dateModified\":\"2025-01-09T10:44:03+00:00\",\"description\":\"Participez \\u00e0 nos ateliers et spectacles de Capoeira \\u00e0 Bienne\\u202f! Une exp\\u00e9rience unique m\\u00ealant musique, danse et art martial br\\u00e9silien. R\\u00e9servez maintenant\\u202f!\",\"breadcrumb\":{\"@id\":\"https:\/\/brasilcapoeira-biel.com\/fr\/workshops-shows\/#breadcrumb\"},\"inLanguage\":\"de\",\"potentialAction\":[{\"@type\":\"ReadAction\",\"target\":[\"https:\/\/brasilcapoeira-biel.com\/fr\/workshops-shows\/\"]}]},{\"@type\":\"BreadcrumbList\",\"@id\":\"https:\/\/brasilcapoeira-biel.com\/fr\/workshops-shows\/#breadcrumb\",\"itemListElement\":[{\"@type\":\"ListItem\",\"position\":1,\"item\":{\"@type\":\"WebPage\",\"@id\":\"https:\/\/brasilcapoeira-biel.com\/fr\/\",\"url\":\"https:\/\/brasilcapoeira-biel.com\/fr\/\",\"name\":\"Startseite\"}},{\"@type\":\"ListItem\",\"position\":2,\"item\":{\"@id\":\"https:\/\/brasilcapoeira-biel.com\/fr\/workshops-shows\/#webpage\"}}]}]}<\/script>\n<!-- \/ Yoast SEO plugin. -->","_links":{"self":[{"href":"https:\/\/brasilcapoeira-biel.com\/fr\/wp-json\/wp\/v2\/pages\/79","targetHints":{"allow":["GET"]}}],"collection":[{"href":"https:\/\/brasilcapoeira-biel.com\/fr\/wp-json\/wp\/v2\/pages"}],"about":[{"href":"https:\/\/brasilcapoeira-biel.com\/fr\/wp-json\/wp\/v2\/types\/page"}],"author":[{"embeddable":true,"href":"https:\/\/brasilcapoeira-biel.com\/fr\/wp-json\/wp\/v2\/users\/1"}],"replies":[{"embeddable":true,"href":"https:\/\/brasilcapoeira-biel.com\/fr\/wp-json\/wp\/v2\/comments?post=79"}],"version-history":[{"count":3,"href":"https:\/\/brasilcapoeira-biel.com\/fr\/wp-json\/wp\/v2\/pages\/79\/revisions"}],"predecessor-version":[{"id":459,"href":"https:\/\/brasilcapoeira-biel.com\/fr\/wp-json\/wp\/v2\/pages\/79\/revisions\/459"}],"wp:attachment":[{"href":"https:\/\/brasilcapoeira-biel.com\/fr\/wp-json\/wp\/v2\/media?parent=79"}],"curies":[{"name":"wp","href":"https:\/\/api.w.org\/{rel}","templated":true}]}}