{"id":89,"date":"2019-09-18T16:29:50","date_gmt":"2019-09-18T14:29:50","guid":{"rendered":"https:\/\/brasilcapoeira-biel.com\/fr\/?page_id=89"},"modified":"2025-09-10T11:56:01","modified_gmt":"2025-09-10T09:56:01","slug":"evenements","status":"publish","type":"page","link":"https:\/\/brasilcapoeira-biel.com\/fr\/evenements\/","title":{"rendered":"\u00c9v\u00e8nements"},"content":{"rendered":"\r\n<p>Les \u00e9v\u00e8nements offrent la possibilit\u00e9 de suivre des cours de ma\u00eetre de capoeira venant de diff\u00e9rents pays et de rencontrer d\u2019autres membres de l\u2019\u00e9cole de Brasil Capoeira, venant de Bern, B\u00e2le, Bienne, Thoune et Morat. Les \u00e9l\u00e8ves d\u2019autres \u00e9coles sont \u00e9galement les bienvenus.<\/p>\r\n\r\n\r\n\r\n<p>L\u2019\u00e9cole Brasil Capoeira de Bienne organise chaque ann\u00e9e un <em>Batizado &amp; Troca de Cordas<\/em>, divers workshops et des \u00e9v\u00e9nements comme P\u00e2ques, Workshop de caxixi ou de berimbau.<br \/>Deux \u00e9v\u00e9nements majeurs ont annuellement lieu \u00e0 Berne, lieu de fondation de Brasil Capoeira. Il est conseill\u00e9 d\u2019y participer, afin d\u2019acqu\u00e9rir plus d\u2019exp\u00e9rience et une bonne int\u00e9gration. <br \/>Il est \u00e9galement conseill\u00e9 de participer aux \u00e9v\u00e8nements de nos filiales et aux \u00e9v\u00e8nements d\u2019autres groupes, afin d\u2019encourager cette pratique. Il faut annoncer sa participation \u00e0 un \u00e9v\u00e8nement d\u2019un autre groupe \u00e0 l\u2019entra\u00eeneur.<\/p>\r\n\r\n\r\n\r\n<div class=\"wp-block-image\">\r\n<figure class=\"aligncenter is-resized\">\r\n<figure id=\"attachment_379\" aria-describedby=\"caption-attachment-379\" style=\"width: 640px\" class=\"wp-caption alignnone\"><img fetchpriority=\"high\" decoding=\"async\" class=\"wp-image-379 size-large\" src=\"https:\/\/brasilcapoeira-biel.com\/fr\/wp-content\/uploads\/sites\/3\/2024\/02\/gruppe_klein-Kopie-2048x853.jpg\" alt=\"\" width=\"640\" height=\"267\" srcset=\"https:\/\/brasilcapoeira-biel.com\/fr\/wp-content\/uploads\/sites\/3\/2024\/02\/gruppe_klein-Kopie-2048x853.jpg 2048w, https:\/\/brasilcapoeira-biel.com\/fr\/wp-content\/uploads\/sites\/3\/2024\/02\/gruppe_klein-Kopie-300x125.jpg 300w, https:\/\/brasilcapoeira-biel.com\/fr\/wp-content\/uploads\/sites\/3\/2024\/02\/gruppe_klein-Kopie-768x320.jpg 768w, https:\/\/brasilcapoeira-biel.com\/fr\/wp-content\/uploads\/sites\/3\/2024\/02\/gruppe_klein-Kopie-1536x640.jpg 1536w\" sizes=\"(max-width: 640px) 100vw, 640px\" \/><figcaption id=\"caption-attachment-379\" class=\"wp-caption-text\">GINGA BIENNE &#8211; Capoeira Festival 2023<\/figcaption><\/figure>\r\n<\/figure>\r\n<\/div>\r\n\r\n\r\n\r\n<h3 class=\"wp-block-heading\">Prochain \u00e9v\u00e8nement de l\u2019\u00e9cole Brasil Capoeira<\/h3>\r\n\r\n\r\n\r\n\r\n\r\n<p><strong>Rodas:<\/strong><\/p>\r\n\r\n\r\n\r\n<p><img decoding=\"async\" class=\"alignnone wp-image-493 \" src=\"https:\/\/brasilcapoeira-biel.com\/fr\/wp-content\/uploads\/sites\/3\/2025\/09\/Rodas_biel-2-724x1024.jpg\" alt=\"\" width=\"306\" height=\"433\" srcset=\"https:\/\/brasilcapoeira-biel.com\/fr\/wp-content\/uploads\/sites\/3\/2025\/09\/Rodas_biel-2-724x1024.jpg 724w, https:\/\/brasilcapoeira-biel.com\/fr\/wp-content\/uploads\/sites\/3\/2025\/09\/Rodas_biel-2-212x300.jpg 212w, https:\/\/brasilcapoeira-biel.com\/fr\/wp-content\/uploads\/sites\/3\/2025\/09\/Rodas_biel-2-768x1086.jpg 768w, https:\/\/brasilcapoeira-biel.com\/fr\/wp-content\/uploads\/sites\/3\/2025\/09\/Rodas_biel-2-1086x1536.jpg 1086w, https:\/\/brasilcapoeira-biel.com\/fr\/wp-content\/uploads\/sites\/3\/2025\/09\/Rodas_biel-2-1448x2048.jpg 1448w, https:\/\/brasilcapoeira-biel.com\/fr\/wp-content\/uploads\/sites\/3\/2025\/09\/Rodas_biel-2-scaled.jpg 1811w\" sizes=\"(max-width: 306px) 100vw, 306px\" \/><\/p>\r\n\r\n\r\n\r\n<p>&nbsp;<\/p>\r\n\r\n\r\n\r\n<h3 class=\"wp-block-heading\">Explication des termes employ\u00e9s<\/h3>\r\n\r\n\r\n\r\n<p><em>Roda<\/em> (nom portugais pour cercle) c\u2019est le nom du cercle de jeu dans lequel deux capoeiristes jouent. Les enfants et les adultes sont les bienvenus dans les rodas de notre \u00e9cole.<\/p>\r\n\r\n\r\n\r\n<p><em>Batizado<\/em> (bapt\u00eame en portugais) c\u2019est le d\u00e9part dans le monde de la capoeira, l\u2019octroi de sa premi\u00e8re ceinture.<\/p>\r\n\r\n\r\n\r\n<p><em>Troca de Cordas<\/em> (nom portugais pour changement de ceinture) c\u2019est le changement de la premi\u00e8re \u00e0 la derni\u00e8re ceinture.<\/p>\r\n\r\n\r\n\r\n<p><em>Formatura<\/em> (nom portugais pour la conclusion) c\u2019est l\u2019octroi du titre de \u00ab\u00a0professeur\u00a0\u00bb ou de \u00ab\u00a0Ma\u00eetre\u00a0\u00bb.<\/p>\r\n\r\n\r\n\r\n<p><em>Jogos<\/em> (jeu en portugais). Les capoeiristes jouent devant un jury et montre leur meilleur jeu. L\u2019attention va \u00eatre dirig\u00e9e sur la technique, l\u2019harmonie entre les deux joueurs et l\u2019adaptation au rythme des joueurs.<\/p>\r\n","protected":false},"excerpt":{"rendered":"<p>Les \u00e9v\u00e8nements offrent la possibilit\u00e9 de suivre des cours de ma\u00eetre de capoeira venant de diff\u00e9rents pays et de rencontrer d\u2019autres membres de l\u2019\u00e9cole de Brasil Capoeira, venant de Bern, B\u00e2le, Bienne, Thoune et Morat. Les \u00e9l\u00e8ves d\u2019autres \u00e9coles sont \u00e9galement les bienvenus. L\u2019\u00e9cole Brasil Capoeira de Bienne organise chaque ann\u00e9e un Batizado &amp; Troca [&hellip;]<\/p>\n","protected":false},"author":1,"featured_media":0,"parent":0,"menu_order":0,"comment_status":"closed","ping_status":"closed","template":"","meta":{"footnotes":""},"class_list":["post-89","page","type-page","status-publish","hentry"],"yoast_head":"<!-- This site is optimized with the Yoast SEO plugin v16.2 - https:\/\/yoast.com\/wordpress\/plugins\/seo\/ -->\n<title>\u00c9v\u00e9nements de Capoeira \u00e0 Bienne \u2013 Plongez dans la culture br\u00e9silienne<\/title>\n<meta name=\"description\" content=\"D\u00e9couvrez nos \u00e9v\u00e9nements de Capoeira \u00e0 Bienne\u202f! Participez \u00e0 des exp\u00e9riences uniques m\u00ealant musique, danse et art martial br\u00e9silien. Ne manquez pas\u202f!\" \/>\n<meta name=\"robots\" content=\"index, follow, max-snippet:-1, max-image-preview:large, max-video-preview:-1\" \/>\n<link rel=\"canonical\" href=\"https:\/\/brasilcapoeira-biel.com\/fr\/evenements\/\" \/>\n<meta property=\"og:locale\" content=\"de_DE\" \/>\n<meta property=\"og:type\" content=\"article\" \/>\n<meta property=\"og:title\" content=\"\u00c9v\u00e9nements de Capoeira \u00e0 Bienne \u2013 Plongez dans la culture br\u00e9silienne\" \/>\n<meta property=\"og:description\" content=\"D\u00e9couvrez nos \u00e9v\u00e9nements de Capoeira \u00e0 Bienne\u202f! Participez \u00e0 des exp\u00e9riences uniques m\u00ealant musique, danse et art martial br\u00e9silien. Ne manquez pas\u202f!\" \/>\n<meta property=\"og:url\" content=\"https:\/\/brasilcapoeira-biel.com\/fr\/evenements\/\" \/>\n<meta property=\"og:site_name\" content=\"Brasil Capoeira Biel\/Bienne\" \/>\n<meta property=\"article:publisher\" content=\"https:\/\/www.facebook.com\/brasilcapoeirabienne\/\" \/>\n<meta property=\"article:modified_time\" content=\"2025-09-10T09:56:01+00:00\" \/>\n<meta property=\"og:image\" content=\"https:\/\/brasilcapoeira-biel.com\/fr\/wp-content\/uploads\/sites\/3\/2024\/02\/gruppe_klein-Kopie-2048x853.jpg\" \/>\n<meta name=\"twitter:card\" content=\"summary_large_image\" \/>\n<meta name=\"twitter:label1\" content=\"Gesch\u00e4tzte Lesezeit\">\n\t<meta name=\"twitter:data1\" content=\"2\u00a0Minuten\">\n<script type=\"application\/ld+json\" class=\"yoast-schema-graph\">{\"@context\":\"https:\/\/schema.org\",\"@graph\":[{\"@type\":\"Organization\",\"@id\":\"https:\/\/brasilcapoeira-biel.com\/fr\/#organization\",\"name\":\"Brasil Capoeira Biel\/Bienne\",\"url\":\"https:\/\/brasilcapoeira-biel.com\/fr\/\",\"sameAs\":[\"https:\/\/www.facebook.com\/brasilcapoeirabienne\/\",\"https:\/\/www.instagram.com\/brasilcapoeira.bielbienne\/\",\"https:\/\/www.youtube.com\/user\/ABCapoeiraMineiro\/\"],\"logo\":{\"@type\":\"ImageObject\",\"@id\":\"https:\/\/brasilcapoeira-biel.com\/fr\/#logo\",\"inLanguage\":\"de\",\"url\":\"https:\/\/brasilcapoeira-biel.com\/fr\/wp-content\/uploads\/sites\/3\/2019\/08\/Logo-MINEIRO-neu-e1565340794429.png\",\"contentUrl\":\"https:\/\/brasilcapoeira-biel.com\/fr\/wp-content\/uploads\/sites\/3\/2019\/08\/Logo-MINEIRO-neu-e1565340794429.png\",\"width\":200,\"height\":110,\"caption\":\"Brasil Capoeira Biel\/Bienne\"},\"image\":{\"@id\":\"https:\/\/brasilcapoeira-biel.com\/fr\/#logo\"}},{\"@type\":\"WebSite\",\"@id\":\"https:\/\/brasilcapoeira-biel.com\/fr\/#website\",\"url\":\"https:\/\/brasilcapoeira-biel.com\/fr\/\",\"name\":\"Brasil Capoeira Biel\/Bienne\",\"description\":\"Home\",\"publisher\":{\"@id\":\"https:\/\/brasilcapoeira-biel.com\/fr\/#organization\"},\"potentialAction\":[{\"@type\":\"SearchAction\",\"target\":\"https:\/\/brasilcapoeira-biel.com\/fr\/?s={search_term_string}\",\"query-input\":\"required name=search_term_string\"}],\"inLanguage\":\"de\"},{\"@type\":\"ImageObject\",\"@id\":\"https:\/\/brasilcapoeira-biel.com\/fr\/evenements\/#primaryimage\",\"inLanguage\":\"de\",\"url\":\"https:\/\/brasilcapoeira-biel.com\/fr\/wp-content\/uploads\/sites\/3\/2024\/02\/gruppe_klein-Kopie-2048x853.jpg\",\"contentUrl\":\"https:\/\/brasilcapoeira-biel.com\/fr\/wp-content\/uploads\/sites\/3\/2024\/02\/gruppe_klein-Kopie-2048x853.jpg\"},{\"@type\":\"WebPage\",\"@id\":\"https:\/\/brasilcapoeira-biel.com\/fr\/evenements\/#webpage\",\"url\":\"https:\/\/brasilcapoeira-biel.com\/fr\/evenements\/\",\"name\":\"\\u00c9v\\u00e9nements de Capoeira \\u00e0 Bienne \\u2013 Plongez dans la culture br\\u00e9silienne\",\"isPartOf\":{\"@id\":\"https:\/\/brasilcapoeira-biel.com\/fr\/#website\"},\"primaryImageOfPage\":{\"@id\":\"https:\/\/brasilcapoeira-biel.com\/fr\/evenements\/#primaryimage\"},\"datePublished\":\"2019-09-18T14:29:50+00:00\",\"dateModified\":\"2025-09-10T09:56:01+00:00\",\"description\":\"D\\u00e9couvrez nos \\u00e9v\\u00e9nements de Capoeira \\u00e0 Bienne\\u202f! Participez \\u00e0 des exp\\u00e9riences uniques m\\u00ealant musique, danse et art martial br\\u00e9silien. Ne manquez pas\\u202f!\",\"breadcrumb\":{\"@id\":\"https:\/\/brasilcapoeira-biel.com\/fr\/evenements\/#breadcrumb\"},\"inLanguage\":\"de\",\"potentialAction\":[{\"@type\":\"ReadAction\",\"target\":[\"https:\/\/brasilcapoeira-biel.com\/fr\/evenements\/\"]}]},{\"@type\":\"BreadcrumbList\",\"@id\":\"https:\/\/brasilcapoeira-biel.com\/fr\/evenements\/#breadcrumb\",\"itemListElement\":[{\"@type\":\"ListItem\",\"position\":1,\"item\":{\"@type\":\"WebPage\",\"@id\":\"https:\/\/brasilcapoeira-biel.com\/fr\/\",\"url\":\"https:\/\/brasilcapoeira-biel.com\/fr\/\",\"name\":\"Startseite\"}},{\"@type\":\"ListItem\",\"position\":2,\"item\":{\"@id\":\"https:\/\/brasilcapoeira-biel.com\/fr\/evenements\/#webpage\"}}]}]}<\/script>\n<!-- \/ Yoast SEO plugin. -->","_links":{"self":[{"href":"https:\/\/brasilcapoeira-biel.com\/fr\/wp-json\/wp\/v2\/pages\/89","targetHints":{"allow":["GET"]}}],"collection":[{"href":"https:\/\/brasilcapoeira-biel.com\/fr\/wp-json\/wp\/v2\/pages"}],"about":[{"href":"https:\/\/brasilcapoeira-biel.com\/fr\/wp-json\/wp\/v2\/types\/page"}],"author":[{"embeddable":true,"href":"https:\/\/brasilcapoeira-biel.com\/fr\/wp-json\/wp\/v2\/users\/1"}],"replies":[{"embeddable":true,"href":"https:\/\/brasilcapoeira-biel.com\/fr\/wp-json\/wp\/v2\/comments?post=89"}],"version-history":[{"count":11,"href":"https:\/\/brasilcapoeira-biel.com\/fr\/wp-json\/wp\/v2\/pages\/89\/revisions"}],"predecessor-version":[{"id":496,"href":"https:\/\/brasilcapoeira-biel.com\/fr\/wp-json\/wp\/v2\/pages\/89\/revisions\/496"}],"wp:attachment":[{"href":"https:\/\/brasilcapoeira-biel.com\/fr\/wp-json\/wp\/v2\/media?parent=89"}],"curies":[{"name":"wp","href":"https:\/\/api.w.org\/{rel}","templated":true}]}}